{"id":8,"date":"2026-01-09T18:37:50","date_gmt":"2026-01-09T18:37:50","guid":{"rendered":"https:\/\/educzen17.com\/?page_id=8"},"modified":"2026-03-22T14:57:09","modified_gmt":"2026-03-22T14:57:09","slug":"%f0%9f%90%bebienvenue-chez-educzen17-%f0%9f%90%be","status":"publish","type":"page","link":"https:\/\/educzen17.com\/","title":{"rendered":""},"content":{"rendered":"\n<h2 class=\"wp-block-heading has-text-align-center\">\ud83d\udc3e Comprendre son chien, c&rsquo;est trouver l&rsquo;\u00e9quilibre \ud83d\udc3e<\/h2>\n\n\n\n<p class=\"has-text-align-center has-medium-font-size\"><strong>Je suis <em>Laetitia<\/em>, \u00e9ducatrice comportementaliste canin en Charente-Maritime, \u00e0 Saintes et alentours (17).<\/strong><\/p>\n\n\n\n<div class=\"wp-block-cover is-light has-aspect-ratio\" style=\"margin-top:var(--wp--preset--spacing--50);margin-bottom:var(--wp--preset--spacing--50);aspect-ratio:16\/9;min-height:unset;\"><img loading=\"lazy\" decoding=\"async\" width=\"1024\" height=\"683\" class=\"wp-block-cover__image-background wp-image-137 size-large\" alt=\"\" src=\"https:\/\/educzen17.com\/wp-content\/uploads\/2026\/02\/002f4cf3-607e-4f42-a654-4c61eb4ea531-1-1024x683.png\" data-object-fit=\"cover\" srcset=\"https:\/\/educzen17.com\/wp-content\/uploads\/2026\/02\/002f4cf3-607e-4f42-a654-4c61eb4ea531-1-1024x683.png 1024w, https:\/\/educzen17.com\/wp-content\/uploads\/2026\/02\/002f4cf3-607e-4f42-a654-4c61eb4ea531-1-300x200.png 300w, https:\/\/educzen17.com\/wp-content\/uploads\/2026\/02\/002f4cf3-607e-4f42-a654-4c61eb4ea531-1-768x512.png 768w, https:\/\/educzen17.com\/wp-content\/uploads\/2026\/02\/002f4cf3-607e-4f42-a654-4c61eb4ea531-1.png 1536w\" sizes=\"auto, (max-width: 1024px) 100vw, 1024px\" \/><span aria-hidden=\"true\" class=\"wp-block-cover__background has-background-dim-40 has-background-dim\" style=\"background-color:#92a1b7\"><\/span><div class=\"wp-block-cover__inner-container is-layout-constrained wp-block-cover-is-layout-constrained\">\n<p class=\"has-text-align-center has-large-font-size\"><\/p>\n<\/div><\/div>\n\n\n\n<p class=\"has-text-align-center has-medium-font-size\">J\u2019accompagne les bin\u00f4mes humain-chien avec une approche bas\u00e9e sur la compr\u00e9hension, l\u2019\u00e9quilibre et l\u2019adaptation \u00e0 chaque situation.<\/p>\n\n\n\n<p class=\"has-text-align-center has-medium-font-size\">Chaque chien est diff\u00e9rent. Chaque relation l\u2019est aussi.<\/p>\n\n\n\n<p class=\"has-text-align-center has-medium-font-size\">Mon r\u00f4le est de vous guider vers une relation plus sereine, plus claire et plus harmonieuse<\/p>\n\n\n\n<p><\/p>\n\n\n\n<p class=\"has-text-align-center has-ast-global-color-6-color has-text-color has-link-color has-medium-font-size wp-elements-bcd00ffc84b6d079fe71e6dd581e5b32\"><strong>R\u00e9server un bilan comportemental par t\u00e9l\u00e9phone ou par sms au : <\/strong><\/p>\n\n\n\n<p class=\"has-text-align-center has-ast-global-color-6-color has-text-color has-link-color has-medium-font-size wp-elements-e1d8afb66b84b196c79b42d91c9cbb90\"><strong>06 08 05 80 38 <\/strong><\/p>\n\n\n\n<p class=\"has-text-align-center has-ast-global-color-6-color has-text-color has-link-color has-medium-font-size wp-elements-1b6ecff05d42952ffa8eaf90af9c674c\"><strong>Ou cliquez ici : <\/strong><\/p>\n\n\n\n<div style=\"text-align:center; margin: 18px 0;\">\n  <a href=\"tel:+33608058038\"\n     style=\"display:inline-block;\n            background:#6FAE8E; \n            color:#ffffff;\n            padding:14px 22px;\n            border-radius:12px;\n            text-decoration:none;\n            font-weight:700;\n            font-size:16px;\n            box-shadow:0 4px 10px rgba(0,0,0,0.12);\">\n    \ud83d\udcde R\u00e9servez votre bilan comportemental\n  <\/a>\n<\/div>\n\n\n\n<p><\/p>\n\n\n\n<p class=\"has-text-align-center has-medium-font-size\"><em>Chaque chien a son histoire.<\/em><\/p>\n\n\n\n<p class=\"has-text-align-center has-medium-font-size\"><em>Chaque humain aussi.<\/em><\/p>\n\n\n\n<p class=\"has-text-align-center has-medium-font-size\">Mon travail ne consiste pas seulement \u00e0 apprendre des exercices, mais \u00e0 comprendre les \u00e9motions, les besoins et les m\u00e9canismes qui se jouent dans la relation.<\/p>\n\n\n\n<p class=\"has-text-align-center has-medium-font-size\">Parce qu\u2019un comportement n\u2019est jamais \u201cjuste un probl\u00e8me\u201d :<\/p>\n\n\n\n<p class=\"has-text-align-center has-medium-font-size\">c\u2019est un message \u00e0 d\u00e9coder.<\/p>\n\n\n\n<figure class=\"wp-block-gallery has-nested-images columns-default is-cropped wp-block-gallery-1 is-layout-flex wp-block-gallery-is-layout-flex\">\n<figure class=\"wp-block-image size-large\"><img loading=\"lazy\" decoding=\"async\" width=\"763\" height=\"1024\" data-id=\"256\" src=\"https:\/\/educzen17.com\/wp-content\/uploads\/2026\/03\/08c37020-5815-4e7b-b587-c9cd152be90d-4-763x1024.jpg\" alt=\"\" class=\"wp-image-256\" srcset=\"https:\/\/educzen17.com\/wp-content\/uploads\/2026\/03\/08c37020-5815-4e7b-b587-c9cd152be90d-4-763x1024.jpg 763w, https:\/\/educzen17.com\/wp-content\/uploads\/2026\/03\/08c37020-5815-4e7b-b587-c9cd152be90d-4-224x300.jpg 224w, https:\/\/educzen17.com\/wp-content\/uploads\/2026\/03\/08c37020-5815-4e7b-b587-c9cd152be90d-4-768x1030.jpg 768w, https:\/\/educzen17.com\/wp-content\/uploads\/2026\/03\/08c37020-5815-4e7b-b587-c9cd152be90d-4.jpg 1080w\" sizes=\"auto, (max-width: 763px) 100vw, 763px\" \/><\/figure>\n\n\n\n<figure class=\"wp-block-image size-large\"><img loading=\"lazy\" decoding=\"async\" width=\"696\" height=\"690\" data-id=\"258\" src=\"https:\/\/educzen17.com\/wp-content\/uploads\/2026\/03\/Image-husk.jpg\" alt=\"\" class=\"wp-image-258\" srcset=\"https:\/\/educzen17.com\/wp-content\/uploads\/2026\/03\/Image-husk.jpg 696w, https:\/\/educzen17.com\/wp-content\/uploads\/2026\/03\/Image-husk-300x297.jpg 300w, https:\/\/educzen17.com\/wp-content\/uploads\/2026\/03\/Image-husk-150x150.jpg 150w\" sizes=\"auto, (max-width: 696px) 100vw, 696px\" \/><\/figure>\n\n\n\n<figure class=\"wp-block-image size-large\"><img loading=\"lazy\" decoding=\"async\" width=\"565\" height=\"618\" data-id=\"257\" src=\"https:\/\/educzen17.com\/wp-content\/uploads\/2026\/03\/Image-ok-4.jpg\" alt=\"\" class=\"wp-image-257\" srcset=\"https:\/\/educzen17.com\/wp-content\/uploads\/2026\/03\/Image-ok-4.jpg 565w, https:\/\/educzen17.com\/wp-content\/uploads\/2026\/03\/Image-ok-4-274x300.jpg 274w\" sizes=\"auto, (max-width: 565px) 100vw, 565px\" \/><\/figure>\n<\/figure>\n\n\n\n<p><\/p>\n\n\n\n<p><\/p>\n\n\n\n<p><\/p>\n\n\n\n<p><\/p>\n\n\n\n<p><\/p>\n\n\n\n<p><\/p>\n","protected":false},"excerpt":{"rendered":"<p>\ud83d\udc3e Comprendre son chien, c&rsquo;est trouver l&rsquo;\u00e9quilibre \ud83d\udc3e Je suis Laetitia, \u00e9ducatrice comportementaliste canin en Charente-Maritime, \u00e0 Saintes et alentours (17). J\u2019accompagne les bin\u00f4mes humain-chien avec une approche bas\u00e9e sur la compr\u00e9hension, l\u2019\u00e9quilibre et l\u2019adaptation \u00e0 chaque situation. Chaque chien est diff\u00e9rent. Chaque relation l\u2019est aussi. Mon r\u00f4le est de vous guider vers une relation [&hellip;]<\/p>\n","protected":false},"author":1,"featured_media":0,"parent":0,"menu_order":0,"comment_status":"closed","ping_status":"closed","template":"","meta":{"_uag_custom_page_level_css":"","site-sidebar-layout":"default","site-content-layout":"","ast-site-content-layout":"full-width-container","site-content-style":"unboxed","site-sidebar-style":"default","ast-global-header-display":"","ast-banner-title-visibility":"","ast-main-header-display":"","ast-hfb-above-header-display":"","ast-hfb-below-header-display":"","ast-hfb-mobile-header-display":"","site-post-title":"","ast-breadcrumbs-content":"","ast-featured-img":"","footer-sml-layout":"","ast-disable-related-posts":"","theme-transparent-header-meta":"","adv-header-id-meta":"","stick-header-meta":"","header-above-stick-meta":"","header-main-stick-meta":"","header-below-stick-meta":"","astra-migrate-meta-layouts":"default","ast-page-background-enabled":"default","ast-page-background-meta":{"desktop":{"background-color":"var(--ast-global-color-5)","background-image":"","background-repeat":"repeat","background-position":"center center","background-size":"auto","background-attachment":"scroll","background-type":"","background-media":"","overlay-type":"","overlay-color":"","overlay-opacity":"","overlay-gradient":""},"tablet":{"background-color":"","background-image":"","background-repeat":"repeat","background-position":"center center","background-size":"auto","background-attachment":"scroll","background-type":"","background-media":"","overlay-type":"","overlay-color":"","overlay-opacity":"","overlay-gradient":""},"mobile":{"background-color":"","background-image":"","background-repeat":"repeat","background-position":"center center","background-size":"auto","background-attachment":"scroll","background-type":"","background-media":"","overlay-type":"","overlay-color":"","overlay-opacity":"","overlay-gradient":""}},"ast-content-background-meta":{"desktop":{"background-color":"var(--ast-global-color-4)","background-image":"","background-repeat":"repeat","background-position":"center center","background-size":"auto","background-attachment":"scroll","background-type":"","background-media":"","overlay-type":"","overlay-color":"","overlay-opacity":"","overlay-gradient":""},"tablet":{"background-color":"var(--ast-global-color-4)","background-image":"","background-repeat":"repeat","background-position":"center center","background-size":"auto","background-attachment":"scroll","background-type":"","background-media":"","overlay-type":"","overlay-color":"","overlay-opacity":"","overlay-gradient":""},"mobile":{"background-color":"var(--ast-global-color-4)","background-image":"","background-repeat":"repeat","background-position":"center center","background-size":"auto","background-attachment":"scroll","background-type":"","background-media":"","overlay-type":"","overlay-color":"","overlay-opacity":"","overlay-gradient":""}},"footnotes":""},"class_list":["post-8","page","type-page","status-publish","hentry"],"uagb_featured_image_src":{"full":false,"thumbnail":false,"medium":false,"medium_large":false,"large":false,"1536x1536":false,"2048x2048":false},"uagb_author_info":{"display_name":"admin2427","author_link":"https:\/\/educzen17.com\/?author=1"},"uagb_comment_info":0,"uagb_excerpt":"\ud83d\udc3e Comprendre son chien, c&rsquo;est trouver l&rsquo;\u00e9quilibre \ud83d\udc3e Je suis Laetitia, \u00e9ducatrice comportementaliste canin en Charente-Maritime, \u00e0 Saintes et alentours (17). J\u2019accompagne les bin\u00f4mes humain-chien avec une approche bas\u00e9e sur la compr\u00e9hension, l\u2019\u00e9quilibre et l\u2019adaptation \u00e0 chaque situation. Chaque chien est diff\u00e9rent. Chaque relation l\u2019est aussi. Mon r\u00f4le est de vous guider vers une relation\u2026","_links":{"self":[{"href":"https:\/\/educzen17.com\/index.php?rest_route=\/wp\/v2\/pages\/8","targetHints":{"allow":["GET"]}}],"collection":[{"href":"https:\/\/educzen17.com\/index.php?rest_route=\/wp\/v2\/pages"}],"about":[{"href":"https:\/\/educzen17.com\/index.php?rest_route=\/wp\/v2\/types\/page"}],"author":[{"embeddable":true,"href":"https:\/\/educzen17.com\/index.php?rest_route=\/wp\/v2\/users\/1"}],"replies":[{"embeddable":true,"href":"https:\/\/educzen17.com\/index.php?rest_route=%2Fwp%2Fv2%2Fcomments&post=8"}],"version-history":[{"count":40,"href":"https:\/\/educzen17.com\/index.php?rest_route=\/wp\/v2\/pages\/8\/revisions"}],"predecessor-version":[{"id":263,"href":"https:\/\/educzen17.com\/index.php?rest_route=\/wp\/v2\/pages\/8\/revisions\/263"}],"wp:attachment":[{"href":"https:\/\/educzen17.com\/index.php?rest_route=%2Fwp%2Fv2%2Fmedia&parent=8"}],"curies":[{"name":"wp","href":"https:\/\/api.w.org\/{rel}","templated":true}]}}