{"id":78,"date":"2026-02-23T14:11:10","date_gmt":"2026-02-23T14:11:10","guid":{"rendered":"https:\/\/educzen17.com\/?page_id=78"},"modified":"2026-03-22T15:01:48","modified_gmt":"2026-03-22T15:01:48","slug":"module-15-seances-accompagnement-premium","status":"publish","type":"page","link":"https:\/\/educzen17.com\/?page_id=78","title":{"rendered":"Module 15 s\u00e9ances \u2013 Accompagnement Premium"},"content":{"rendered":"\n<figure class=\"wp-block-gallery has-nested-images columns-default is-cropped wp-block-gallery-1 is-layout-flex wp-block-gallery-is-layout-flex\">\n<figure class=\"wp-block-image size-large\"><img loading=\"lazy\" decoding=\"async\" width=\"1024\" height=\"683\" data-id=\"190\" src=\"https:\/\/educzen17.com\/wp-content\/uploads\/2026\/03\/artellliii72-animal-7044832_1920-1024x683.jpg\" alt=\"\" class=\"wp-image-190\" srcset=\"https:\/\/educzen17.com\/wp-content\/uploads\/2026\/03\/artellliii72-animal-7044832_1920-1024x683.jpg 1024w, https:\/\/educzen17.com\/wp-content\/uploads\/2026\/03\/artellliii72-animal-7044832_1920-300x200.jpg 300w, https:\/\/educzen17.com\/wp-content\/uploads\/2026\/03\/artellliii72-animal-7044832_1920-768x512.jpg 768w, https:\/\/educzen17.com\/wp-content\/uploads\/2026\/03\/artellliii72-animal-7044832_1920-1536x1024.jpg 1536w, https:\/\/educzen17.com\/wp-content\/uploads\/2026\/03\/artellliii72-animal-7044832_1920.jpg 1920w\" sizes=\"auto, (max-width: 1024px) 100vw, 1024px\" \/><\/figure>\n<\/figure>\n\n\n\n<p class=\"has-text-align-center has-medium-font-size\"><strong>Id\u00e9al pour les chiens sensibles, craintifs, r\u00e9actifs ou ayant besoin d\u2019un accompagnement plus approfondi.<\/strong><\/p>\n\n\n\n<p class=\"has-medium-font-size\"><br><strong><em>Objectif : approfondissement \u00e9ducatif + rappel avanc\u00e9 + stabilit\u00e9 \u00e9motionnelle durable.<\/em><\/strong><\/p>\n\n\n\n<p><br>Tout le contenu du module 10, avec en plus :<\/p>\n\n\n\n<p>Approfondissement \u00e9ducatif<br>Marche au pied avanc\u00e9e avec travail en environnement stimulant (ville, parcs, passages \u00e9troits\u2026)<br>Autocontr\u00f4les complexes<br>Gestion \u00e9motionnelle en situation difficile<\/p>\n\n\n\n<p>Rappel avanc\u00e9<br>Travail complet du rappel<br>Rappel avec distractions \u00e9lev\u00e9es<br>Rappel s\u00e9curis\u00e9 en libert\u00e9<\/p>\n\n\n\n<p>Stabilit\u00e9 quotidienne<br>Gestion des absences du ma\u00eetre plus longues<br>Mise en place d\u2019une routine stabilisatrice durable<br>Travail de l\u2019ind\u00e9pendance et de la confiance<\/p>\n\n\n\n<p><em>Informations importantes<\/em> :<br>Chaque s\u00e9ance dure entre 45 minutes et 1 heure<br>Adaptation totale au bin\u00f4me ma\u00eetre-chien<br>Exercices simples \u00e0 refaire \u00e0 la maison entre chaque s\u00e9ance<br>Paiement possible en plusieurs fois<br>Disponibilit\u00e9 par message si besoin entre les s\u00e9ances<\/p>\n\n\n\n<p class=\"has-medium-font-size\"><em><strong>37 \u20ac \/ s\u00e9ance<\/strong><\/em><\/p>\n\n\n\n<figure class=\"wp-block-gallery has-nested-images columns-default is-cropped wp-block-gallery-2 is-layout-flex wp-block-gallery-is-layout-flex\"><\/figure>\n\n\n\n<figure class=\"wp-block-gallery has-nested-images columns-default is-cropped wp-block-gallery-3 is-layout-flex wp-block-gallery-is-layout-flex\">\n<figure class=\"wp-block-image size-large\"><img loading=\"lazy\" decoding=\"async\" width=\"1024\" height=\"768\" data-id=\"194\" src=\"https:\/\/educzen17.com\/wp-content\/uploads\/2026\/03\/mandyme27-barking-1819740_1920-1024x768.jpg\" alt=\"\" class=\"wp-image-194\" srcset=\"https:\/\/educzen17.com\/wp-content\/uploads\/2026\/03\/mandyme27-barking-1819740_1920-1024x768.jpg 1024w, https:\/\/educzen17.com\/wp-content\/uploads\/2026\/03\/mandyme27-barking-1819740_1920-300x225.jpg 300w, https:\/\/educzen17.com\/wp-content\/uploads\/2026\/03\/mandyme27-barking-1819740_1920-768x576.jpg 768w, https:\/\/educzen17.com\/wp-content\/uploads\/2026\/03\/mandyme27-barking-1819740_1920-1536x1152.jpg 1536w, https:\/\/educzen17.com\/wp-content\/uploads\/2026\/03\/mandyme27-barking-1819740_1920.jpg 1920w\" sizes=\"auto, (max-width: 1024px) 100vw, 1024px\" \/><\/figure>\n<\/figure>\n\n\n\n<figure class=\"wp-block-gallery has-nested-images columns-default is-cropped wp-block-gallery-4 is-layout-flex wp-block-gallery-is-layout-flex\"><\/figure>\n\n\n\n<figure class=\"wp-block-image alignwide size-large\"><img loading=\"lazy\" decoding=\"async\" width=\"1024\" height=\"683\" src=\"https:\/\/educzen17.com\/wp-content\/uploads\/2026\/03\/jeannette1980-dog-7102963_1920-1024x683.jpg\" alt=\"\" class=\"wp-image-193\" srcset=\"https:\/\/educzen17.com\/wp-content\/uploads\/2026\/03\/jeannette1980-dog-7102963_1920-1024x683.jpg 1024w, https:\/\/educzen17.com\/wp-content\/uploads\/2026\/03\/jeannette1980-dog-7102963_1920-300x200.jpg 300w, https:\/\/educzen17.com\/wp-content\/uploads\/2026\/03\/jeannette1980-dog-7102963_1920-768x512.jpg 768w, https:\/\/educzen17.com\/wp-content\/uploads\/2026\/03\/jeannette1980-dog-7102963_1920-1536x1024.jpg 1536w, https:\/\/educzen17.com\/wp-content\/uploads\/2026\/03\/jeannette1980-dog-7102963_1920.jpg 1920w\" sizes=\"auto, (max-width: 1024px) 100vw, 1024px\" \/><\/figure>\n","protected":false},"excerpt":{"rendered":"<p>Id\u00e9al pour les chiens sensibles, craintifs, r\u00e9actifs ou ayant besoin d\u2019un accompagnement plus approfondi. Objectif : approfondissement \u00e9ducatif + rappel avanc\u00e9 + stabilit\u00e9 \u00e9motionnelle durable. Tout le contenu du module 10, avec en plus : Approfondissement \u00e9ducatifMarche au pied avanc\u00e9e avec travail en environnement stimulant (ville, parcs, passages \u00e9troits\u2026)Autocontr\u00f4les complexesGestion \u00e9motionnelle en situation difficile Rappel [&hellip;]<\/p>\n","protected":false},"author":1,"featured_media":0,"parent":0,"menu_order":0,"comment_status":"closed","ping_status":"closed","template":"","meta":{"_uag_custom_page_level_css":"","site-sidebar-layout":"default","site-content-layout":"","ast-site-content-layout":"default","site-content-style":"default","site-sidebar-style":"default","ast-global-header-display":"","ast-banner-title-visibility":"","ast-main-header-display":"","ast-hfb-above-header-display":"","ast-hfb-below-header-display":"","ast-hfb-mobile-header-display":"","site-post-title":"","ast-breadcrumbs-content":"","ast-featured-img":"","footer-sml-layout":"","ast-disable-related-posts":"","theme-transparent-header-meta":"","adv-header-id-meta":"","stick-header-meta":"","header-above-stick-meta":"","header-main-stick-meta":"","header-below-stick-meta":"","astra-migrate-meta-layouts":"default","ast-page-background-enabled":"default","ast-page-background-meta":{"desktop":{"background-color":"var(--ast-global-color-5)","background-image":"","background-repeat":"repeat","background-position":"center center","background-size":"auto","background-attachment":"scroll","background-type":"","background-media":"","overlay-type":"","overlay-color":"","overlay-opacity":"","overlay-gradient":""},"tablet":{"background-color":"","background-image":"","background-repeat":"repeat","background-position":"center center","background-size":"auto","background-attachment":"scroll","background-type":"","background-media":"","overlay-type":"","overlay-color":"","overlay-opacity":"","overlay-gradient":""},"mobile":{"background-color":"","background-image":"","background-repeat":"repeat","background-position":"center center","background-size":"auto","background-attachment":"scroll","background-type":"","background-media":"","overlay-type":"","overlay-color":"","overlay-opacity":"","overlay-gradient":""}},"ast-content-background-meta":{"desktop":{"background-color":"var(--ast-global-color-4)","background-image":"","background-repeat":"repeat","background-position":"center center","background-size":"auto","background-attachment":"scroll","background-type":"","background-media":"","overlay-type":"","overlay-color":"","overlay-opacity":"","overlay-gradient":""},"tablet":{"background-color":"var(--ast-global-color-4)","background-image":"","background-repeat":"repeat","background-position":"center center","background-size":"auto","background-attachment":"scroll","background-type":"","background-media":"","overlay-type":"","overlay-color":"","overlay-opacity":"","overlay-gradient":""},"mobile":{"background-color":"var(--ast-global-color-4)","background-image":"","background-repeat":"repeat","background-position":"center center","background-size":"auto","background-attachment":"scroll","background-type":"","background-media":"","overlay-type":"","overlay-color":"","overlay-opacity":"","overlay-gradient":""}},"footnotes":""},"class_list":["post-78","page","type-page","status-publish","hentry"],"uagb_featured_image_src":{"full":false,"thumbnail":false,"medium":false,"medium_large":false,"large":false,"1536x1536":false,"2048x2048":false},"uagb_author_info":{"display_name":"admin2427","author_link":"https:\/\/educzen17.com\/?author=1"},"uagb_comment_info":0,"uagb_excerpt":"Id\u00e9al pour les chiens sensibles, craintifs, r\u00e9actifs ou ayant besoin d\u2019un accompagnement plus approfondi. Objectif : approfondissement \u00e9ducatif + rappel avanc\u00e9 + stabilit\u00e9 \u00e9motionnelle durable. Tout le contenu du module 10, avec en plus : Approfondissement \u00e9ducatifMarche au pied avanc\u00e9e avec travail en environnement stimulant (ville, parcs, passages \u00e9troits\u2026)Autocontr\u00f4les complexesGestion \u00e9motionnelle en situation difficile Rappel\u2026","_links":{"self":[{"href":"https:\/\/educzen17.com\/index.php?rest_route=\/wp\/v2\/pages\/78","targetHints":{"allow":["GET"]}}],"collection":[{"href":"https:\/\/educzen17.com\/index.php?rest_route=\/wp\/v2\/pages"}],"about":[{"href":"https:\/\/educzen17.com\/index.php?rest_route=\/wp\/v2\/types\/page"}],"author":[{"embeddable":true,"href":"https:\/\/educzen17.com\/index.php?rest_route=\/wp\/v2\/users\/1"}],"replies":[{"embeddable":true,"href":"https:\/\/educzen17.com\/index.php?rest_route=%2Fwp%2Fv2%2Fcomments&post=78"}],"version-history":[{"count":6,"href":"https:\/\/educzen17.com\/index.php?rest_route=\/wp\/v2\/pages\/78\/revisions"}],"predecessor-version":[{"id":272,"href":"https:\/\/educzen17.com\/index.php?rest_route=\/wp\/v2\/pages\/78\/revisions\/272"}],"wp:attachment":[{"href":"https:\/\/educzen17.com\/index.php?rest_route=%2Fwp%2Fv2%2Fmedia&parent=78"}],"curies":[{"name":"wp","href":"https:\/\/api.w.org\/{rel}","templated":true}]}}