{"id":75,"date":"2026-02-23T14:07:35","date_gmt":"2026-02-23T14:07:35","guid":{"rendered":"https:\/\/educzen17.com\/?page_id=75"},"modified":"2026-03-22T15:00:17","modified_gmt":"2026-03-22T15:00:17","slug":"module-10-seances-equilibre-structure","status":"publish","type":"page","link":"https:\/\/educzen17.com\/?page_id=75","title":{"rendered":"\u00a0Module 10 s\u00e9ances \u2013 \u00c9quilibre Structur\u00e9"},"content":{"rendered":"\n<figure class=\"wp-block-gallery has-nested-images columns-default is-cropped wp-block-gallery-1 is-layout-flex wp-block-gallery-is-layout-flex\">\n<figure class=\"wp-block-image size-large\"><img loading=\"lazy\" decoding=\"async\" width=\"779\" height=\"1024\" data-id=\"183\" src=\"https:\/\/educzen17.com\/wp-content\/uploads\/2026\/03\/thumbnail_Screenshot_20251227_170624_Gallery-779x1024.jpg\" alt=\"\" class=\"wp-image-183\" srcset=\"https:\/\/educzen17.com\/wp-content\/uploads\/2026\/03\/thumbnail_Screenshot_20251227_170624_Gallery-779x1024.jpg 779w, https:\/\/educzen17.com\/wp-content\/uploads\/2026\/03\/thumbnail_Screenshot_20251227_170624_Gallery-228x300.jpg 228w, https:\/\/educzen17.com\/wp-content\/uploads\/2026\/03\/thumbnail_Screenshot_20251227_170624_Gallery-768x1009.jpg 768w, https:\/\/educzen17.com\/wp-content\/uploads\/2026\/03\/thumbnail_Screenshot_20251227_170624_Gallery.jpg 1080w\" sizes=\"auto, (max-width: 779px) 100vw, 779px\" \/><\/figure>\n<\/figure>\n\n\n\n<p class=\"has-medium-font-size\"><strong><em>Objectif :<\/em><\/strong><\/p>\n\n\n\n<p>Mettre en place des bases \u00e9ducatives solides, instaurer un cadre clair et aider le chien \u00e0 d\u00e9velopper des comportements \u00e9quilibr\u00e9s au quotidien.<\/p>\n\n\n\n<p>Ce module permet de construire une relation stable et une communication efficace entre le chien et son humain, dans le respect des besoins \u00e9motionnels et comportementaux du chien.<\/p>\n\n\n\n<p class=\"has-medium-font-size\"><strong><em>Bases \u00e9ducatives fondamentales :<\/em><\/strong><\/p>\n\n\n\n<p>Focus \/ contact visuel<\/p>\n\n\n\n<p>Assis \/ couch\u00e9<\/p>\n\n\n\n<p>Assis au pied<\/p>\n\n\n\n<p>Marche en laisse sans traction<\/p>\n\n\n\n<p>Marche au pied (bases)<\/p>\n\n\n\n<p>Mise en place d\u2019un cadre rassurant<\/p>\n\n\n\n<p>Apprentissage d\u2019une place de s\u00e9curit\u00e9<\/p>\n\n\n\n<p>Comprendre et r\u00e9pondre aux besoins du chien<\/p>\n\n\n\n<p>Mise en place de r\u00e8gles coh\u00e9rentes \u00e0 la maison<\/p>\n\n\n\n<p>Autocontr\u00f4le et gestion de l\u2019excitation<\/p>\n\n\n\n<p>Exercices ludiques d\u2019autocontr\u00f4le<\/p>\n\n\n\n<p>Gestion de l\u2019excitation dans le jeu<\/p>\n\n\n\n<p>D\u00e9veloppement de la capacit\u00e9 \u00e0 se poser<\/p>\n\n\n\n<p>Gestion des \u00e9motions et sociabilit\u00e9<\/p>\n\n\n\n<p>Introduction \u00e0 l\u2019indiff\u00e9rence sociale<\/p>\n\n\n\n<p>Gestion des \u00e9motions face aux humains et aux chiens<\/p>\n\n\n\n<p>Apprendre \u00e0 observer plut\u00f4t qu\u2019\u00e0 r\u00e9agir<\/p>\n\n\n\n<p>Initiation au rappel<\/p>\n\n\n\n<p>Construction d\u2019un rappel fiable<\/p>\n\n\n\n<p>Comprendre les bases du rappel en libert\u00e9<\/p>\n\n\n\n<p>Exercices progressifs selon l\u2019environnement<\/p>\n\n\n\n<p class=\"has-medium-font-size\"><strong><em>Gestion \u00e9motionnelle &amp; s\u00e9curit\u00e9<\/em><\/strong><\/p>\n\n\n\n<p>M\u00e9thode des 3D : Distance \u2013 Dur\u00e9e \u2013 Distraction<\/p>\n\n\n\n<p>Apprentissage de la patience<\/p>\n\n\n\n<p>Renforcement de la confiance chien-humain<\/p>\n\n\n\n<p><em>Informations importantes<\/em> :<br>Chaque s\u00e9ance dure entre 45 minutes et 1 heure<br>Adaptation totale au bin\u00f4me ma\u00eetre-chien<br>Exercices simples \u00e0 refaire \u00e0 la maison entre chaque s\u00e9ance<br>Paiement possible en plusieurs fois<br>Disponibilit\u00e9 par message si besoin entre les s\u00e9ances<\/p>\n\n\n\n<p class=\"has-medium-font-size\"><em><strong>39 \u20ac \/ s\u00e9ance<\/strong><\/em><\/p>\n\n\n\n<figure class=\"wp-block-gallery has-nested-images columns-default is-cropped wp-block-gallery-2 is-layout-flex wp-block-gallery-is-layout-flex\">\n<figure class=\"wp-block-image size-large\"><img loading=\"lazy\" decoding=\"async\" width=\"683\" height=\"1024\" data-id=\"186\" src=\"https:\/\/educzen17.com\/wp-content\/uploads\/2026\/03\/ptksgc-dog-3393970_1920-1-1-683x1024.jpg\" alt=\"\" class=\"wp-image-186\" srcset=\"https:\/\/educzen17.com\/wp-content\/uploads\/2026\/03\/ptksgc-dog-3393970_1920-1-1-683x1024.jpg 683w, https:\/\/educzen17.com\/wp-content\/uploads\/2026\/03\/ptksgc-dog-3393970_1920-1-1-200x300.jpg 200w, https:\/\/educzen17.com\/wp-content\/uploads\/2026\/03\/ptksgc-dog-3393970_1920-1-1-768x1152.jpg 768w, https:\/\/educzen17.com\/wp-content\/uploads\/2026\/03\/ptksgc-dog-3393970_1920-1-1-1024x1536.jpg 1024w, https:\/\/educzen17.com\/wp-content\/uploads\/2026\/03\/ptksgc-dog-3393970_1920-1-1.jpg 1280w\" sizes=\"auto, (max-width: 683px) 100vw, 683px\" \/><\/figure>\n<\/figure>\n\n\n\n<figure class=\"wp-block-gallery has-nested-images columns-default is-cropped wp-block-gallery-3 is-layout-flex wp-block-gallery-is-layout-flex\">\n<figure class=\"wp-block-image size-large\"><img loading=\"lazy\" decoding=\"async\" width=\"682\" height=\"1024\" data-id=\"187\" src=\"https:\/\/educzen17.com\/wp-content\/uploads\/2026\/03\/snottyboggins-collie-3737533_1920-682x1024.jpg\" alt=\"\" class=\"wp-image-187\" srcset=\"https:\/\/educzen17.com\/wp-content\/uploads\/2026\/03\/snottyboggins-collie-3737533_1920-682x1024.jpg 682w, https:\/\/educzen17.com\/wp-content\/uploads\/2026\/03\/snottyboggins-collie-3737533_1920-200x300.jpg 200w, https:\/\/educzen17.com\/wp-content\/uploads\/2026\/03\/snottyboggins-collie-3737533_1920-768x1153.jpg 768w, https:\/\/educzen17.com\/wp-content\/uploads\/2026\/03\/snottyboggins-collie-3737533_1920-1023x1536.jpg 1023w, https:\/\/educzen17.com\/wp-content\/uploads\/2026\/03\/snottyboggins-collie-3737533_1920.jpg 1279w\" sizes=\"auto, (max-width: 682px) 100vw, 682px\" \/><\/figure>\n<\/figure>\n","protected":false},"excerpt":{"rendered":"<p>Objectif : Mettre en place des bases \u00e9ducatives solides, instaurer un cadre clair et aider le chien \u00e0 d\u00e9velopper des comportements \u00e9quilibr\u00e9s au quotidien. Ce module permet de construire une relation stable et une communication efficace entre le chien et son humain, dans le respect des besoins \u00e9motionnels et comportementaux du chien. Bases \u00e9ducatives fondamentales [&hellip;]<\/p>\n","protected":false},"author":1,"featured_media":0,"parent":0,"menu_order":0,"comment_status":"closed","ping_status":"closed","template":"","meta":{"_uag_custom_page_level_css":"","site-sidebar-layout":"default","site-content-layout":"","ast-site-content-layout":"default","site-content-style":"default","site-sidebar-style":"default","ast-global-header-display":"","ast-banner-title-visibility":"","ast-main-header-display":"","ast-hfb-above-header-display":"","ast-hfb-below-header-display":"","ast-hfb-mobile-header-display":"","site-post-title":"","ast-breadcrumbs-content":"","ast-featured-img":"","footer-sml-layout":"","ast-disable-related-posts":"","theme-transparent-header-meta":"","adv-header-id-meta":"","stick-header-meta":"","header-above-stick-meta":"","header-main-stick-meta":"","header-below-stick-meta":"","astra-migrate-meta-layouts":"default","ast-page-background-enabled":"default","ast-page-background-meta":{"desktop":{"background-color":"var(--ast-global-color-5)","background-image":"","background-repeat":"repeat","background-position":"center center","background-size":"auto","background-attachment":"scroll","background-type":"","background-media":"","overlay-type":"","overlay-color":"","overlay-opacity":"","overlay-gradient":""},"tablet":{"background-color":"","background-image":"","background-repeat":"repeat","background-position":"center center","background-size":"auto","background-attachment":"scroll","background-type":"","background-media":"","overlay-type":"","overlay-color":"","overlay-opacity":"","overlay-gradient":""},"mobile":{"background-color":"","background-image":"","background-repeat":"repeat","background-position":"center center","background-size":"auto","background-attachment":"scroll","background-type":"","background-media":"","overlay-type":"","overlay-color":"","overlay-opacity":"","overlay-gradient":""}},"ast-content-background-meta":{"desktop":{"background-color":"var(--ast-global-color-4)","background-image":"","background-repeat":"repeat","background-position":"center center","background-size":"auto","background-attachment":"scroll","background-type":"","background-media":"","overlay-type":"","overlay-color":"","overlay-opacity":"","overlay-gradient":""},"tablet":{"background-color":"var(--ast-global-color-4)","background-image":"","background-repeat":"repeat","background-position":"center center","background-size":"auto","background-attachment":"scroll","background-type":"","background-media":"","overlay-type":"","overlay-color":"","overlay-opacity":"","overlay-gradient":""},"mobile":{"background-color":"var(--ast-global-color-4)","background-image":"","background-repeat":"repeat","background-position":"center center","background-size":"auto","background-attachment":"scroll","background-type":"","background-media":"","overlay-type":"","overlay-color":"","overlay-opacity":"","overlay-gradient":""}},"footnotes":""},"class_list":["post-75","page","type-page","status-publish","hentry"],"uagb_featured_image_src":{"full":false,"thumbnail":false,"medium":false,"medium_large":false,"large":false,"1536x1536":false,"2048x2048":false},"uagb_author_info":{"display_name":"admin2427","author_link":"https:\/\/educzen17.com\/?author=1"},"uagb_comment_info":0,"uagb_excerpt":"Objectif : Mettre en place des bases \u00e9ducatives solides, instaurer un cadre clair et aider le chien \u00e0 d\u00e9velopper des comportements \u00e9quilibr\u00e9s au quotidien. Ce module permet de construire une relation stable et une communication efficace entre le chien et son humain, dans le respect des besoins \u00e9motionnels et comportementaux du chien. Bases \u00e9ducatives fondamentales\u2026","_links":{"self":[{"href":"https:\/\/educzen17.com\/index.php?rest_route=\/wp\/v2\/pages\/75","targetHints":{"allow":["GET"]}}],"collection":[{"href":"https:\/\/educzen17.com\/index.php?rest_route=\/wp\/v2\/pages"}],"about":[{"href":"https:\/\/educzen17.com\/index.php?rest_route=\/wp\/v2\/types\/page"}],"author":[{"embeddable":true,"href":"https:\/\/educzen17.com\/index.php?rest_route=\/wp\/v2\/users\/1"}],"replies":[{"embeddable":true,"href":"https:\/\/educzen17.com\/index.php?rest_route=%2Fwp%2Fv2%2Fcomments&post=75"}],"version-history":[{"count":7,"href":"https:\/\/educzen17.com\/index.php?rest_route=\/wp\/v2\/pages\/75\/revisions"}],"predecessor-version":[{"id":270,"href":"https:\/\/educzen17.com\/index.php?rest_route=\/wp\/v2\/pages\/75\/revisions\/270"}],"wp:attachment":[{"href":"https:\/\/educzen17.com\/index.php?rest_route=%2Fwp%2Fv2%2Fmedia&parent=75"}],"curies":[{"name":"wp","href":"https:\/\/api.w.org\/{rel}","templated":true}]}}