{"id":70,"date":"2026-02-23T13:52:32","date_gmt":"2026-02-23T13:52:32","guid":{"rendered":"https:\/\/educzen17.com\/?page_id=70"},"modified":"2026-03-22T14:58:44","modified_gmt":"2026-03-22T14:58:44","slug":"seance-individuelle-education-ou-comportement","status":"publish","type":"page","link":"https:\/\/educzen17.com\/?page_id=70","title":{"rendered":"\u00a0S\u00e9ance individuelle \u00e9ducation ou comportement"},"content":{"rendered":"\n<figure class=\"wp-block-gallery has-nested-images columns-default is-cropped wp-block-gallery-1 is-layout-flex wp-block-gallery-is-layout-flex\">\n<figure class=\"wp-block-image size-large\"><img loading=\"lazy\" decoding=\"async\" width=\"1024\" height=\"1024\" data-id=\"266\" src=\"https:\/\/educzen17.com\/wp-content\/uploads\/2026\/03\/beatriz57-dog-287420_1920-1024x1024.jpg\" alt=\"\" class=\"wp-image-266\" srcset=\"https:\/\/educzen17.com\/wp-content\/uploads\/2026\/03\/beatriz57-dog-287420_1920-1024x1024.jpg 1024w, https:\/\/educzen17.com\/wp-content\/uploads\/2026\/03\/beatriz57-dog-287420_1920-300x300.jpg 300w, https:\/\/educzen17.com\/wp-content\/uploads\/2026\/03\/beatriz57-dog-287420_1920-150x150.jpg 150w, https:\/\/educzen17.com\/wp-content\/uploads\/2026\/03\/beatriz57-dog-287420_1920-768x768.jpg 768w, https:\/\/educzen17.com\/wp-content\/uploads\/2026\/03\/beatriz57-dog-287420_1920-1536x1536.jpg 1536w, https:\/\/educzen17.com\/wp-content\/uploads\/2026\/03\/beatriz57-dog-287420_1920.jpg 1920w\" sizes=\"auto, (max-width: 1024px) 100vw, 1024px\" \/><\/figure>\n<\/figure>\n\n\n\n<p><br>Une intervention cibl\u00e9e d\u2019environ 1 heure, adapt\u00e9e aux besoins sp\u00e9cifiques de votre chien.<br><strong><em>Travail possible :<\/em><\/strong><br>Ajustements du comportement quotidien (excitation, tirage en laisse, gestion \u00e9motionnelle de base, propret\u00e9\u2026)<br>Travail \u00e9ducatif essentiel (assis, marche, autocontr\u00f4le\u2026)<br>Conseils personnalis\u00e9s pour am\u00e9liorer la relation et renforcer les apprentissages<\/p>\n\n\n\n<p class=\"has-medium-font-size\"><br><em>Tarif : 45 \u20ac \/ s\u00e9ance<\/em><\/p>\n","protected":false},"excerpt":{"rendered":"<p>Une intervention cibl\u00e9e d\u2019environ 1 heure, adapt\u00e9e aux besoins sp\u00e9cifiques de votre chien.Travail possible :Ajustements du comportement quotidien (excitation, tirage en laisse, gestion \u00e9motionnelle de base, propret\u00e9\u2026)Travail \u00e9ducatif essentiel (assis, marche, autocontr\u00f4le\u2026)Conseils personnalis\u00e9s pour am\u00e9liorer la relation et renforcer les apprentissages Tarif : 45 \u20ac \/ s\u00e9ance<\/p>\n","protected":false},"author":1,"featured_media":0,"parent":0,"menu_order":0,"comment_status":"closed","ping_status":"closed","template":"","meta":{"_uag_custom_page_level_css":"","site-sidebar-layout":"default","site-content-layout":"","ast-site-content-layout":"default","site-content-style":"default","site-sidebar-style":"default","ast-global-header-display":"","ast-banner-title-visibility":"","ast-main-header-display":"","ast-hfb-above-header-display":"","ast-hfb-below-header-display":"","ast-hfb-mobile-header-display":"","site-post-title":"","ast-breadcrumbs-content":"","ast-featured-img":"","footer-sml-layout":"","ast-disable-related-posts":"","theme-transparent-header-meta":"","adv-header-id-meta":"","stick-header-meta":"","header-above-stick-meta":"","header-main-stick-meta":"","header-below-stick-meta":"","astra-migrate-meta-layouts":"default","ast-page-background-enabled":"default","ast-page-background-meta":{"desktop":{"background-color":"var(--ast-global-color-5)","background-image":"","background-repeat":"repeat","background-position":"center center","background-size":"auto","background-attachment":"scroll","background-type":"","background-media":"","overlay-type":"","overlay-color":"","overlay-opacity":"","overlay-gradient":""},"tablet":{"background-color":"","background-image":"","background-repeat":"repeat","background-position":"center center","background-size":"auto","background-attachment":"scroll","background-type":"","background-media":"","overlay-type":"","overlay-color":"","overlay-opacity":"","overlay-gradient":""},"mobile":{"background-color":"","background-image":"","background-repeat":"repeat","background-position":"center center","background-size":"auto","background-attachment":"scroll","background-type":"","background-media":"","overlay-type":"","overlay-color":"","overlay-opacity":"","overlay-gradient":""}},"ast-content-background-meta":{"desktop":{"background-color":"var(--ast-global-color-4)","background-image":"","background-repeat":"repeat","background-position":"center center","background-size":"auto","background-attachment":"scroll","background-type":"","background-media":"","overlay-type":"","overlay-color":"","overlay-opacity":"","overlay-gradient":""},"tablet":{"background-color":"var(--ast-global-color-4)","background-image":"","background-repeat":"repeat","background-position":"center center","background-size":"auto","background-attachment":"scroll","background-type":"","background-media":"","overlay-type":"","overlay-color":"","overlay-opacity":"","overlay-gradient":""},"mobile":{"background-color":"var(--ast-global-color-4)","background-image":"","background-repeat":"repeat","background-position":"center center","background-size":"auto","background-attachment":"scroll","background-type":"","background-media":"","overlay-type":"","overlay-color":"","overlay-opacity":"","overlay-gradient":""}},"footnotes":""},"class_list":["post-70","page","type-page","status-publish","hentry"],"uagb_featured_image_src":{"full":false,"thumbnail":false,"medium":false,"medium_large":false,"large":false,"1536x1536":false,"2048x2048":false},"uagb_author_info":{"display_name":"admin2427","author_link":"https:\/\/educzen17.com\/?author=1"},"uagb_comment_info":0,"uagb_excerpt":"Une intervention cibl\u00e9e d\u2019environ 1 heure, adapt\u00e9e aux besoins sp\u00e9cifiques de votre chien.Travail possible :Ajustements du comportement quotidien (excitation, tirage en laisse, gestion \u00e9motionnelle de base, propret\u00e9\u2026)Travail \u00e9ducatif essentiel (assis, marche, autocontr\u00f4le\u2026)Conseils personnalis\u00e9s pour am\u00e9liorer la relation et renforcer les apprentissages Tarif : 45 \u20ac \/ s\u00e9ance","_links":{"self":[{"href":"https:\/\/educzen17.com\/index.php?rest_route=\/wp\/v2\/pages\/70","targetHints":{"allow":["GET"]}}],"collection":[{"href":"https:\/\/educzen17.com\/index.php?rest_route=\/wp\/v2\/pages"}],"about":[{"href":"https:\/\/educzen17.com\/index.php?rest_route=\/wp\/v2\/types\/page"}],"author":[{"embeddable":true,"href":"https:\/\/educzen17.com\/index.php?rest_route=\/wp\/v2\/users\/1"}],"replies":[{"embeddable":true,"href":"https:\/\/educzen17.com\/index.php?rest_route=%2Fwp%2Fv2%2Fcomments&post=70"}],"version-history":[{"count":3,"href":"https:\/\/educzen17.com\/index.php?rest_route=\/wp\/v2\/pages\/70\/revisions"}],"predecessor-version":[{"id":267,"href":"https:\/\/educzen17.com\/index.php?rest_route=\/wp\/v2\/pages\/70\/revisions\/267"}],"wp:attachment":[{"href":"https:\/\/educzen17.com\/index.php?rest_route=%2Fwp%2Fv2%2Fmedia&parent=70"}],"curies":[{"name":"wp","href":"https:\/\/api.w.org\/{rel}","templated":true}]}}