{"id":41,"date":"2026-02-14T19:09:33","date_gmt":"2026-02-14T19:09:33","guid":{"rendered":"https:\/\/educzen17.com\/?page_id=41"},"modified":"2026-03-22T15:05:43","modified_gmt":"2026-03-22T15:05:43","slug":"activites","status":"publish","type":"page","link":"https:\/\/educzen17.com\/?page_id=41","title":{"rendered":"Activit\u00e9s De loisirs"},"content":{"rendered":"\n<p class=\"has-large-font-size\">EducZen17, c\u2019est aussi des activit\u00e9s de loisirs.<\/p>\n\n\n\n<p class=\"has-medium-font-size\"><strong>Des activit\u00e9s encadr\u00e9es pour renforcer le lien avec votre chien, stimuler son mental et favoriser son \u00e9quilibre \u00e9motionnel.<\/strong><\/p>\n\n\n\n<figure class=\"wp-block-gallery has-nested-images columns-default is-cropped wp-block-gallery-1 is-layout-flex wp-block-gallery-is-layout-flex\">\n<figure class=\"wp-block-image size-large\"><img loading=\"lazy\" decoding=\"async\" width=\"1000\" height=\"662\" data-id=\"275\" src=\"https:\/\/educzen17.com\/wp-content\/uploads\/2026\/03\/1000_F_131921697_ftWEPVVs8X4KURG7Pr1qPXDJTxNmJh4p.jpg\" alt=\"\" class=\"wp-image-275\" srcset=\"https:\/\/educzen17.com\/wp-content\/uploads\/2026\/03\/1000_F_131921697_ftWEPVVs8X4KURG7Pr1qPXDJTxNmJh4p.jpg 1000w, https:\/\/educzen17.com\/wp-content\/uploads\/2026\/03\/1000_F_131921697_ftWEPVVs8X4KURG7Pr1qPXDJTxNmJh4p-300x199.jpg 300w, https:\/\/educzen17.com\/wp-content\/uploads\/2026\/03\/1000_F_131921697_ftWEPVVs8X4KURG7Pr1qPXDJTxNmJh4p-768x508.jpg 768w\" sizes=\"auto, (max-width: 1000px) 100vw, 1000px\" \/><\/figure>\n\n\n\n<figure class=\"wp-block-image size-large\"><img loading=\"lazy\" decoding=\"async\" width=\"1000\" height=\"667\" data-id=\"276\" src=\"https:\/\/educzen17.com\/wp-content\/uploads\/2026\/03\/1000_F_247297631_0AhtfMWmiGp3DflPENTtP1nlfc32MeiC.jpg\" alt=\"\" class=\"wp-image-276\" srcset=\"https:\/\/educzen17.com\/wp-content\/uploads\/2026\/03\/1000_F_247297631_0AhtfMWmiGp3DflPENTtP1nlfc32MeiC.jpg 1000w, https:\/\/educzen17.com\/wp-content\/uploads\/2026\/03\/1000_F_247297631_0AhtfMWmiGp3DflPENTtP1nlfc32MeiC-300x200.jpg 300w, https:\/\/educzen17.com\/wp-content\/uploads\/2026\/03\/1000_F_247297631_0AhtfMWmiGp3DflPENTtP1nlfc32MeiC-768x512.jpg 768w\" sizes=\"auto, (max-width: 1000px) 100vw, 1000px\" \/><\/figure>\n\n\n\n<figure class=\"wp-block-image size-large\"><img loading=\"lazy\" decoding=\"async\" width=\"612\" height=\"408\" data-id=\"277\" src=\"https:\/\/educzen17.com\/wp-content\/uploads\/2026\/03\/istockphoto-1572702887-612x612-3.jpg\" alt=\"\" class=\"wp-image-277\" srcset=\"https:\/\/educzen17.com\/wp-content\/uploads\/2026\/03\/istockphoto-1572702887-612x612-3.jpg 612w, https:\/\/educzen17.com\/wp-content\/uploads\/2026\/03\/istockphoto-1572702887-612x612-3-300x200.jpg 300w\" sizes=\"auto, (max-width: 612px) 100vw, 612px\" \/><\/figure>\n<\/figure>\n\n\n\n<figure class=\"wp-block-gallery has-nested-images columns-default is-cropped wp-block-gallery-2 is-layout-flex wp-block-gallery-is-layout-flex\">\n<figure class=\"wp-block-image size-large\"><img loading=\"lazy\" decoding=\"async\" width=\"1024\" height=\"678\" data-id=\"279\" src=\"https:\/\/educzen17.com\/wp-content\/uploads\/2026\/03\/825545-jack-russel-puppy-750608_1920-1024x678.jpg\" alt=\"\" class=\"wp-image-279\" srcset=\"https:\/\/educzen17.com\/wp-content\/uploads\/2026\/03\/825545-jack-russel-puppy-750608_1920-1024x678.jpg 1024w, https:\/\/educzen17.com\/wp-content\/uploads\/2026\/03\/825545-jack-russel-puppy-750608_1920-300x199.jpg 300w, https:\/\/educzen17.com\/wp-content\/uploads\/2026\/03\/825545-jack-russel-puppy-750608_1920-768x509.jpg 768w, https:\/\/educzen17.com\/wp-content\/uploads\/2026\/03\/825545-jack-russel-puppy-750608_1920-1536x1018.jpg 1536w, https:\/\/educzen17.com\/wp-content\/uploads\/2026\/03\/825545-jack-russel-puppy-750608_1920.jpg 1920w\" sizes=\"auto, (max-width: 1024px) 100vw, 1024px\" \/><\/figure>\n\n\n\n<figure class=\"wp-block-image size-large\"><img loading=\"lazy\" decoding=\"async\" width=\"612\" height=\"408\" data-id=\"278\" src=\"https:\/\/educzen17.com\/wp-content\/uploads\/2026\/03\/istockphoto-1327654972-612x612-3.jpg\" alt=\"\" class=\"wp-image-278\" srcset=\"https:\/\/educzen17.com\/wp-content\/uploads\/2026\/03\/istockphoto-1327654972-612x612-3.jpg 612w, https:\/\/educzen17.com\/wp-content\/uploads\/2026\/03\/istockphoto-1327654972-612x612-3-300x200.jpg 300w\" sizes=\"auto, (max-width: 612px) 100vw, 612px\" \/><\/figure>\n\n\n\n<figure class=\"wp-block-image size-large\"><img loading=\"lazy\" decoding=\"async\" width=\"1024\" height=\"683\" data-id=\"280\" src=\"https:\/\/educzen17.com\/wp-content\/uploads\/2026\/03\/jagdprinzessin-golden-retriever-puppy-2706681_1920-1024x683.jpg\" alt=\"\" class=\"wp-image-280\" srcset=\"https:\/\/educzen17.com\/wp-content\/uploads\/2026\/03\/jagdprinzessin-golden-retriever-puppy-2706681_1920-1024x683.jpg 1024w, https:\/\/educzen17.com\/wp-content\/uploads\/2026\/03\/jagdprinzessin-golden-retriever-puppy-2706681_1920-300x200.jpg 300w, https:\/\/educzen17.com\/wp-content\/uploads\/2026\/03\/jagdprinzessin-golden-retriever-puppy-2706681_1920-768x512.jpg 768w, https:\/\/educzen17.com\/wp-content\/uploads\/2026\/03\/jagdprinzessin-golden-retriever-puppy-2706681_1920-1536x1024.jpg 1536w, https:\/\/educzen17.com\/wp-content\/uploads\/2026\/03\/jagdprinzessin-golden-retriever-puppy-2706681_1920.jpg 1920w\" sizes=\"auto, (max-width: 1024px) 100vw, 1024px\" \/><\/figure>\n<\/figure>\n\n\n\n<p>Parce que la relation avec son chien ne se construit pas uniquement \u00e0 travers l\u2019\u00e9ducation formelle, je propose diff\u00e9rentes activit\u00e9s de loisirs qui permettent de renforcer le lien, la complicit\u00e9 et l\u2019\u00e9quilibre du bin\u00f4me humain-chien.<\/p>\n\n\n\n<p>Ces activit\u00e9s offrent un cadre structur\u00e9, ludique et s\u00e9curisant, o\u00f9 le chien peut s\u2019exprimer, progresser et d\u00e9velopper ses capacit\u00e9s naturelles.<\/p>\n\n\n\n<p>Elles permettent notamment de :<\/p>\n\n\n\n<p>\u2022 renforcer la relation et la coop\u00e9ration<\/p>\n\n\n\n<p>\u2022 d\u00e9velopper la confiance en soi du chien<\/p>\n\n\n\n<p>\u2022 am\u00e9liorer la concentration et l\u2019\u00e9coute<\/p>\n\n\n\n<p>\u2022 travailler l\u2019\u00e9quilibre, la coordination et la proprioception<\/p>\n\n\n\n<p>\u2022 stimuler mentalement et physiquement<\/p>\n\n\n\n<p>\u2022 canaliser l\u2019\u00e9nergie de mani\u00e8re constructive<\/p>\n\n\n\n<p>Qu\u2019il s\u2019agisse d\u2019activit\u00e9s aquatiques, de recherche, d\u2019agility ou de travail collectif, chaque discipline est pens\u00e9e comme un outil d\u2019\u00e9volution et de plaisir partag\u00e9.<\/p>\n\n\n\n<p class=\"has-medium-font-size\"><em>L\u2019objectif reste le m\u00eame : construire un chien bien dans ses pattes et une relation harmonieuse et durable.<\/em><\/p>\n\n\n\n<p>Vois nos activit\u00e9s ci-dessus dans les onglets correspondants <\/p>\n\n\n\n<p class=\"has-medium-font-size\"><\/p>\n\n\n\n<p class=\"has-medium-font-size\"><\/p>\n\n\n\n<p><\/p>\n\n\n\n<p><\/p>\n\n\n\n<p><\/p>\n\n\n\n<p><\/p>\n\n\n\n<p class=\"has-large-font-size\"><\/p>\n\n\n\n<p class=\"has-medium-font-size\"><\/p>\n","protected":false},"excerpt":{"rendered":"<p>EducZen17, c\u2019est aussi des activit\u00e9s de loisirs. Des activit\u00e9s encadr\u00e9es pour renforcer le lien avec votre chien, stimuler son mental et favoriser son \u00e9quilibre \u00e9motionnel. Parce que la relation avec son chien ne se construit pas uniquement \u00e0 travers l\u2019\u00e9ducation formelle, je propose diff\u00e9rentes activit\u00e9s de loisirs qui permettent de renforcer le lien, la complicit\u00e9 [&hellip;]<\/p>\n","protected":false},"author":1,"featured_media":0,"parent":0,"menu_order":0,"comment_status":"closed","ping_status":"closed","template":"","meta":{"_uag_custom_page_level_css":"","site-sidebar-layout":"default","site-content-layout":"","ast-site-content-layout":"default","site-content-style":"default","site-sidebar-style":"default","ast-global-header-display":"","ast-banner-title-visibility":"","ast-main-header-display":"","ast-hfb-above-header-display":"","ast-hfb-below-header-display":"","ast-hfb-mobile-header-display":"","site-post-title":"","ast-breadcrumbs-content":"","ast-featured-img":"","footer-sml-layout":"","ast-disable-related-posts":"","theme-transparent-header-meta":"","adv-header-id-meta":"","stick-header-meta":"","header-above-stick-meta":"","header-main-stick-meta":"","header-below-stick-meta":"","astra-migrate-meta-layouts":"default","ast-page-background-enabled":"default","ast-page-background-meta":{"desktop":{"background-color":"var(--ast-global-color-5)","background-image":"","background-repeat":"repeat","background-position":"center center","background-size":"auto","background-attachment":"scroll","background-type":"","background-media":"","overlay-type":"","overlay-color":"","overlay-opacity":"","overlay-gradient":""},"tablet":{"background-color":"","background-image":"","background-repeat":"repeat","background-position":"center center","background-size":"auto","background-attachment":"scroll","background-type":"","background-media":"","overlay-type":"","overlay-color":"","overlay-opacity":"","overlay-gradient":""},"mobile":{"background-color":"","background-image":"","background-repeat":"repeat","background-position":"center center","background-size":"auto","background-attachment":"scroll","background-type":"","background-media":"","overlay-type":"","overlay-color":"","overlay-opacity":"","overlay-gradient":""}},"ast-content-background-meta":{"desktop":{"background-color":"var(--ast-global-color-4)","background-image":"","background-repeat":"repeat","background-position":"center center","background-size":"auto","background-attachment":"scroll","background-type":"","background-media":"","overlay-type":"","overlay-color":"","overlay-opacity":"","overlay-gradient":""},"tablet":{"background-color":"var(--ast-global-color-4)","background-image":"","background-repeat":"repeat","background-position":"center center","background-size":"auto","background-attachment":"scroll","background-type":"","background-media":"","overlay-type":"","overlay-color":"","overlay-opacity":"","overlay-gradient":""},"mobile":{"background-color":"var(--ast-global-color-4)","background-image":"","background-repeat":"repeat","background-position":"center center","background-size":"auto","background-attachment":"scroll","background-type":"","background-media":"","overlay-type":"","overlay-color":"","overlay-opacity":"","overlay-gradient":""}},"footnotes":""},"class_list":["post-41","page","type-page","status-publish","hentry"],"uagb_featured_image_src":{"full":false,"thumbnail":false,"medium":false,"medium_large":false,"large":false,"1536x1536":false,"2048x2048":false},"uagb_author_info":{"display_name":"admin2427","author_link":"https:\/\/educzen17.com\/?author=1"},"uagb_comment_info":0,"uagb_excerpt":"EducZen17, c\u2019est aussi des activit\u00e9s de loisirs. Des activit\u00e9s encadr\u00e9es pour renforcer le lien avec votre chien, stimuler son mental et favoriser son \u00e9quilibre \u00e9motionnel. Parce que la relation avec son chien ne se construit pas uniquement \u00e0 travers l\u2019\u00e9ducation formelle, je propose diff\u00e9rentes activit\u00e9s de loisirs qui permettent de renforcer le lien, la complicit\u00e9\u2026","_links":{"self":[{"href":"https:\/\/educzen17.com\/index.php?rest_route=\/wp\/v2\/pages\/41","targetHints":{"allow":["GET"]}}],"collection":[{"href":"https:\/\/educzen17.com\/index.php?rest_route=\/wp\/v2\/pages"}],"about":[{"href":"https:\/\/educzen17.com\/index.php?rest_route=\/wp\/v2\/types\/page"}],"author":[{"embeddable":true,"href":"https:\/\/educzen17.com\/index.php?rest_route=\/wp\/v2\/users\/1"}],"replies":[{"embeddable":true,"href":"https:\/\/educzen17.com\/index.php?rest_route=%2Fwp%2Fv2%2Fcomments&post=41"}],"version-history":[{"count":17,"href":"https:\/\/educzen17.com\/index.php?rest_route=\/wp\/v2\/pages\/41\/revisions"}],"predecessor-version":[{"id":281,"href":"https:\/\/educzen17.com\/index.php?rest_route=\/wp\/v2\/pages\/41\/revisions\/281"}],"wp:attachment":[{"href":"https:\/\/educzen17.com\/index.php?rest_route=%2Fwp%2Fv2%2Fmedia&parent=41"}],"curies":[{"name":"wp","href":"https:\/\/api.w.org\/{rel}","templated":true}]}}