{"id":40,"date":"2026-02-14T17:07:08","date_gmt":"2026-02-14T17:07:08","guid":{"rendered":"https:\/\/educzen17.com\/?page_id=40"},"modified":"2026-03-22T15:11:17","modified_gmt":"2026-03-22T15:11:17","slug":"accompagnements","status":"publish","type":"page","link":"https:\/\/educzen17.com\/?page_id=40","title":{"rendered":"Votre accompagnement personnalis\u00e9"},"content":{"rendered":"\n<figure class=\"wp-block-image alignfull size-full\"><img loading=\"lazy\" decoding=\"async\" width=\"565\" height=\"618\" src=\"https:\/\/educzen17.com\/wp-content\/uploads\/2026\/03\/Image2.jpg\" alt=\"\" class=\"wp-image-179\" srcset=\"https:\/\/educzen17.com\/wp-content\/uploads\/2026\/03\/Image2.jpg 565w, https:\/\/educzen17.com\/wp-content\/uploads\/2026\/03\/Image2-274x300.jpg 274w\" sizes=\"auto, (max-width: 565px) 100vw, 565px\" \/><\/figure>\n\n\n\n<p class=\"has-ast-global-color-6-color has-text-color has-link-color has-medium-font-size wp-elements-35e4b5b889616ec58308ab20e71836fc\"><em>La premi\u00e8re \u00e9tape de tout accompagnement est le <strong>bilan comportemental personnalis\u00e9 \u00e0 domicile.<\/strong><\/em><\/p>\n\n\n\n<p>C\u2019est un temps d\u2019analyse approfondi (environ 1h30) qui me permet de comprendre votre chien, votre fonctionnement et votre environnement, afin de poser des bases claires et adapt\u00e9es.<\/p>\n\n\n\n<p>\ud83d\udcde N\u2019h\u00e9sitez pas \u00e0 me contacter directement par t\u00e9l\u00e9phone pour \u00e9changer sur votre situation :<\/p>\n\n\n\n<p>\ud83d\udcde Tel Educzen17 : 06 08 08 50 38<\/p>\n\n\n\n<p class=\"has-medium-font-size\"><strong><em>Le bilan comportemental (65 \u20ac) n\u2019engage \u00e0 rien.<\/em><\/strong><\/p>\n\n\n\n<p>Il permet de :<\/p>\n\n\n\n<p>\u2022 analyser la situation dans sa globalit\u00e9<\/p>\n\n\n\n<p>\u2022 identifier les m\u00e9canismes en jeu<\/p>\n\n\n\n<p>\u2022 d\u00e9finir des objectifs r\u00e9alistes<\/p>\n\n\n\n<p>\u2022 poser des solutions concr\u00e8tes applicables d\u00e8s la premi\u00e8re s\u00e9ance<\/p>\n\n\n\n<p>\u2022 d\u00e9terminer le format d\u2019accompagnement le plus pertinent<\/p>\n\n\n\n<p>C\u2019est \u00e0 l\u2019issue de ce bilan que je pourrai vous orienter vers la formule la mieux adapt\u00e9e \u00e0 votre chien, \u00e0 vos besoins et \u00e0 vos objectifs.<\/p>\n\n\n\n<p>Pour un \u00e9quilibre durable, une relation harmonieuse et une progression coh\u00e9rente, voici les formules que je propose&nbsp; pour vous accompagner au mieux :<\/p>\n\n\n\n<p class=\"has-text-align-center has-medium-font-size\">Voici les formules que nous proposons : <\/p>\n\n\n\n<p class=\"has-text-align-center has-medium-font-size\"><strong><em>S\u00e9ance individuelle \u2013 \u00c9ducation ou comportement<\/em><\/strong><\/p>\n\n\n\n<p>Intervention cibl\u00e9e d\u2019environ une heure, adapt\u00e9e aux besoins sp\u00e9cifiques de votre chien.<\/p>\n\n\n\n<p>Id\u00e9ale pour travailler un point pr\u00e9cis ou ajuster une situation ponctuelle.<\/p>\n\n\n\n<p class=\"has-text-align-center has-medium-font-size\"><strong><em>Pack Chiot \u2013 3 s\u00e9ances (bilan comportemental int\u00e9gr\u00e9)<\/em><\/strong><\/p>\n\n\n\n<p>La seule formule incluant directement le bilan comportemental.<\/p>\n\n\n\n<p>Elle permet de poser des bases solides d\u00e8s le d\u00e9part et d\u2019accompagner sereinement les premi\u00e8res \u00e9tapes d\u2019apprentissage.<\/p>\n\n\n\n<p class=\"has-text-align-center has-medium-font-size\"><strong><em>Module \u00c9ducatif 10 s\u00e9ances \u2013 \u00c9quilibre structur\u00e9<\/em><\/strong><\/p>\n\n\n\n<p>Un accompagnement progressif pour installer des bases stables, renforcer la coh\u00e9rence \u00e9ducative et travailler en profondeur les apprentissages essentiels.<\/p>\n\n\n\n<p class=\"has-text-align-center has-medium-font-size\"><strong><em>Module \u00c9ducatif 15 s\u00e9ances \u2013 Accompagnement Premium<\/em><\/strong><\/p>\n\n\n\n<p>Destin\u00e9 aux chiens sensibles ou r\u00e9actifs n\u00e9cessitant un suivi plus approfondi et \u00e9volutif, avec un travail en finesse et en adaptation constante.<\/p>\n\n\n\n<p class=\"has-text-align-center has-medium-font-size\"><strong><em>Accompagnement \u00e9motionnel cibl\u00e9<\/em><\/strong><\/p>\n\n\n\n<p>Sp\u00e9cial TOC, phobies et comportements sp\u00e9cifiques.<\/p>\n\n\n\n<p>Un suivi adapt\u00e9 aux probl\u00e9matiques \u00e9motionnelles particuli\u00e8res, centr\u00e9 sur la compr\u00e9hension des m\u00e9canismes internes et la mise en place d\u2019ajustements progressifs.<\/p>\n\n\n\n<p class=\"has-text-align-center has-ast-global-color-2-color has-text-color has-link-color has-medium-font-size wp-elements-1fbe10175add168015f110207ca02ab3\"><strong><em>Cliquez sur chaque cat\u00e9gorie afin d&rsquo;avoir le d\u00e9tail de chaque formule <\/em><\/strong><\/p>\n\n\n\n<p class=\"has-medium-font-size\"><br><\/p>\n\n\n\n<p class=\"has-medium-font-size\"><br><br><br><\/p>\n\n\n\n<p><\/p>\n\n\n\n<p><\/p>\n\n\n\n<p class=\"has-medium-font-size\"><\/p>\n\n\n\n<p class=\"has-medium-font-size\"><\/p>\n\n\n\n<p class=\"has-medium-font-size\"><\/p>\n\n\n\n<p class=\"has-medium-font-size\"><\/p>\n\n\n\n<p class=\"has-medium-font-size\"><\/p>\n\n\n\n<p class=\"has-medium-font-size\"><\/p>\n","protected":false},"excerpt":{"rendered":"<p>La premi\u00e8re \u00e9tape de tout accompagnement est le bilan comportemental personnalis\u00e9 \u00e0 domicile. C\u2019est un temps d\u2019analyse approfondi (environ 1h30) qui me permet de comprendre votre chien, votre fonctionnement et votre environnement, afin de poser des bases claires et adapt\u00e9es. \ud83d\udcde N\u2019h\u00e9sitez pas \u00e0 me contacter directement par t\u00e9l\u00e9phone pour \u00e9changer sur votre situation : [&hellip;]<\/p>\n","protected":false},"author":1,"featured_media":0,"parent":0,"menu_order":0,"comment_status":"closed","ping_status":"closed","template":"","meta":{"_uag_custom_page_level_css":"","site-sidebar-layout":"default","site-content-layout":"","ast-site-content-layout":"default","site-content-style":"default","site-sidebar-style":"default","ast-global-header-display":"","ast-banner-title-visibility":"","ast-main-header-display":"","ast-hfb-above-header-display":"","ast-hfb-below-header-display":"","ast-hfb-mobile-header-display":"","site-post-title":"","ast-breadcrumbs-content":"","ast-featured-img":"","footer-sml-layout":"","ast-disable-related-posts":"","theme-transparent-header-meta":"","adv-header-id-meta":"","stick-header-meta":"","header-above-stick-meta":"","header-main-stick-meta":"","header-below-stick-meta":"","astra-migrate-meta-layouts":"default","ast-page-background-enabled":"default","ast-page-background-meta":{"desktop":{"background-color":"var(--ast-global-color-5)","background-image":"","background-repeat":"repeat","background-position":"center center","background-size":"auto","background-attachment":"scroll","background-type":"","background-media":"","overlay-type":"","overlay-color":"","overlay-opacity":"","overlay-gradient":""},"tablet":{"background-color":"","background-image":"","background-repeat":"repeat","background-position":"center center","background-size":"auto","background-attachment":"scroll","background-type":"","background-media":"","overlay-type":"","overlay-color":"","overlay-opacity":"","overlay-gradient":""},"mobile":{"background-color":"","background-image":"","background-repeat":"repeat","background-position":"center center","background-size":"auto","background-attachment":"scroll","background-type":"","background-media":"","overlay-type":"","overlay-color":"","overlay-opacity":"","overlay-gradient":""}},"ast-content-background-meta":{"desktop":{"background-color":"var(--ast-global-color-4)","background-image":"","background-repeat":"repeat","background-position":"center center","background-size":"auto","background-attachment":"scroll","background-type":"","background-media":"","overlay-type":"","overlay-color":"","overlay-opacity":"","overlay-gradient":""},"tablet":{"background-color":"var(--ast-global-color-4)","background-image":"","background-repeat":"repeat","background-position":"center center","background-size":"auto","background-attachment":"scroll","background-type":"","background-media":"","overlay-type":"","overlay-color":"","overlay-opacity":"","overlay-gradient":""},"mobile":{"background-color":"var(--ast-global-color-4)","background-image":"","background-repeat":"repeat","background-position":"center center","background-size":"auto","background-attachment":"scroll","background-type":"","background-media":"","overlay-type":"","overlay-color":"","overlay-opacity":"","overlay-gradient":""}},"footnotes":""},"class_list":["post-40","page","type-page","status-publish","hentry"],"uagb_featured_image_src":{"full":false,"thumbnail":false,"medium":false,"medium_large":false,"large":false,"1536x1536":false,"2048x2048":false},"uagb_author_info":{"display_name":"admin2427","author_link":"https:\/\/educzen17.com\/?author=1"},"uagb_comment_info":0,"uagb_excerpt":"La premi\u00e8re \u00e9tape de tout accompagnement est le bilan comportemental personnalis\u00e9 \u00e0 domicile. C\u2019est un temps d\u2019analyse approfondi (environ 1h30) qui me permet de comprendre votre chien, votre fonctionnement et votre environnement, afin de poser des bases claires et adapt\u00e9es. \ud83d\udcde N\u2019h\u00e9sitez pas \u00e0 me contacter directement par t\u00e9l\u00e9phone pour \u00e9changer sur votre situation :\u2026","_links":{"self":[{"href":"https:\/\/educzen17.com\/index.php?rest_route=\/wp\/v2\/pages\/40","targetHints":{"allow":["GET"]}}],"collection":[{"href":"https:\/\/educzen17.com\/index.php?rest_route=\/wp\/v2\/pages"}],"about":[{"href":"https:\/\/educzen17.com\/index.php?rest_route=\/wp\/v2\/types\/page"}],"author":[{"embeddable":true,"href":"https:\/\/educzen17.com\/index.php?rest_route=\/wp\/v2\/users\/1"}],"replies":[{"embeddable":true,"href":"https:\/\/educzen17.com\/index.php?rest_route=%2Fwp%2Fv2%2Fcomments&post=40"}],"version-history":[{"count":12,"href":"https:\/\/educzen17.com\/index.php?rest_route=\/wp\/v2\/pages\/40\/revisions"}],"predecessor-version":[{"id":287,"href":"https:\/\/educzen17.com\/index.php?rest_route=\/wp\/v2\/pages\/40\/revisions\/287"}],"wp:attachment":[{"href":"https:\/\/educzen17.com\/index.php?rest_route=%2Fwp%2Fv2%2Fmedia&parent=40"}],"curies":[{"name":"wp","href":"https:\/\/api.w.org\/{rel}","templated":true}]}}