{"id":37,"date":"2026-02-14T17:07:20","date_gmt":"2026-02-14T17:07:20","guid":{"rendered":"https:\/\/educzen17.com\/?page_id=37"},"modified":"2026-03-22T15:34:25","modified_gmt":"2026-03-22T15:34:25","slug":"bilan-comportemental-personnalise","status":"publish","type":"page","link":"https:\/\/educzen17.com\/?page_id=37","title":{"rendered":"Bilan Comportemental Personnalis\u00e9"},"content":{"rendered":"\n<div class=\"wp-block-cover alignfull has-aspect-ratio\" style=\"margin-top:0;margin-bottom:var(--wp--preset--spacing--70);aspect-ratio:16\/9;min-height:unset;\"><img loading=\"lazy\" decoding=\"async\" width=\"1024\" height=\"683\" class=\"wp-block-cover__image-background wp-image-122 size-large\" alt=\"\" src=\"https:\/\/educzen17.com\/wp-content\/uploads\/2026\/02\/stocksnap-house-2603379_1920-1024x683.jpg\" style=\"object-position:48% 44%\" data-object-fit=\"cover\" data-object-position=\"48% 44%\" srcset=\"https:\/\/educzen17.com\/wp-content\/uploads\/2026\/02\/stocksnap-house-2603379_1920-1024x683.jpg 1024w, https:\/\/educzen17.com\/wp-content\/uploads\/2026\/02\/stocksnap-house-2603379_1920-300x200.jpg 300w, https:\/\/educzen17.com\/wp-content\/uploads\/2026\/02\/stocksnap-house-2603379_1920-768x512.jpg 768w, https:\/\/educzen17.com\/wp-content\/uploads\/2026\/02\/stocksnap-house-2603379_1920-1536x1024.jpg 1536w, https:\/\/educzen17.com\/wp-content\/uploads\/2026\/02\/stocksnap-house-2603379_1920.jpg 1920w\" sizes=\"auto, (max-width: 1024px) 100vw, 1024px\" \/><span aria-hidden=\"true\" class=\"wp-block-cover__background has-background-dim-10 has-background-dim\" style=\"background-color:#837c7d\"><\/span><div class=\"wp-block-cover__inner-container is-layout-constrained wp-container-core-cover-is-layout-771f60a0 wp-block-cover-is-layout-constrained\">\n<p class=\"has-text-align-center has-large-font-size\"><\/p>\n<\/div><\/div>\n\n\n\n<p><\/p>\n\n\n\n<p>Le bilan comportemental est la premi\u00e8re \u00e9tape fondamentale de tout accompagnement.<\/p>\n\n\n\n<p>Il permet de comprendre votre chien dans sa globalit\u00e9, d\u2019analyser la situation avec pr\u00e9cision et de poser des bases claires pour une \u00e9volution durable.<\/p>\n\n\n\n<p>Chaque chien est unique.<\/p>\n\n\n\n<p>Chaque relation l\u2019est aussi.<\/p>\n\n\n\n<p>C\u2019est pourquoi ce temps d\u2019\u00e9change et d\u2019observation est enti\u00e8rement personnalis\u00e9.<\/p>\n\n\n\n<p>Je vous accompagne avec bienveillance et professionnalisme afin d\u2019identifier les causes des difficult\u00e9s rencontr\u00e9es et de vous proposer des solutions concr\u00e8tes et adapt\u00e9es \u00e0 votre bin\u00f4me.<\/p>\n\n\n\n<p class=\"has-medium-font-size\"><em><strong>\u00c0 quoi sert le bilan comportemental ?<\/strong><\/em><\/p>\n\n\n\n<p>Le bilan permet :<\/p>\n\n\n\n<p>\u2022 d\u2019analyser l\u2019origine des comportements g\u00eanants ou pr\u00e9occupants<\/p>\n\n\n\n<p>\u2022 de mieux comprendre les \u00e9motions et les besoins de votre chien<\/p>\n\n\n\n<p>\u2022 d\u2019identifier les \u00e9l\u00e9ments d\u00e9clencheurs dans son environnement<\/p>\n\n\n\n<p>\u2022 de poser un cadre clair, coh\u00e9rent et s\u00e9curisant<\/p>\n\n\n\n<p>\u2022 de d\u00e9finir un plan d\u2019accompagnement personnalis\u00e9 et structur\u00e9<\/p>\n\n\n\n<p><em>Il constitue la base d\u2019un travail efficace et coh\u00e9rent.<\/em><\/p>\n\n\n\n<p>Comment se d\u00e9roule la s\u00e9ance ?<\/p>\n\n\n\n<p>Le bilan se d\u00e9roule \u00e0 domicile, afin d\u2019observer votre chien dans son environnement habituel.<\/p>\n\n\n\n<p>Il comprend :<\/p>\n\n\n\n<p>\u2022 un \u00e9change approfondi sur l\u2019histoire du chien, son parcours et votre quotidien<\/p>\n\n\n\n<p>\u2022 une observation comportementale<\/p>\n\n\n\n<p>\u2022 des conseils personnalis\u00e9s et applicables imm\u00e9diatement<\/p>\n\n\n\n<p>\u2022 des premi\u00e8res mises en pratique si n\u00e9cessaire<\/p>\n\n\n\n<p>\u2022 des pistes de travail adapt\u00e9es \u00e0 vos objectifs<\/p>\n\n\n\n<p>Dur\u00e9e : environ 1h \u00e0 2h selon la situation.<\/p>\n\n\n\n<p>Pour quelles probl\u00e9matiques ?<\/p>\n\n\n\n<p>Le bilan est particuli\u00e8rement indiqu\u00e9 pour :<\/p>\n\n\n\n<p>\u2022 r\u00e9activit\u00e9 (chiens, humains, v\u00e9los\u2026)<\/p>\n\n\n\n<p>\u2022 peurs et anxi\u00e9t\u00e9<\/p>\n\n\n\n<p>\u2022 aboiements excessifs<\/p>\n\n\n\n<p>\u2022 destructions<\/p>\n\n\n\n<p>\u2022 difficult\u00e9s li\u00e9es \u00e0 l\u2019adoption<\/p>\n\n\n\n<p>\u2022 arriv\u00e9e d\u2019un chiot<\/p>\n\n\n\n<p>\u2022 tensions dans la relation humain \/ chien<\/p>\n\n\n\n<p>Mais il peut \u00e9galement \u00eatre r\u00e9alis\u00e9 en pr\u00e9vention, afin de poser des bases saines d\u00e8s le d\u00e9part.<\/p>\n\n\n\n<p>Une approche bas\u00e9e sur la compr\u00e9hension<\/p>\n\n\n\n<p>L\u2019objectif n\u2019est pas de \u201ccorriger\u201d votre chien, mais de comprendre ce qu\u2019il exprime.<\/p>\n\n\n\n<p>Un comportement n\u2019est jamais \u201cjuste un probl\u00e8me\u201d :<\/p>\n\n\n\n<p>c\u2019est un message \u00e0 d\u00e9coder.<\/p>\n\n\n\n<p>En travaillant sur la compr\u00e9hension et l\u2019\u00e9quilibre, nous construisons une relation plus sereine, plus claire et plus harmonieuse.<\/p>\n\n\n\n<div class=\"wp-block-columns is-layout-flex wp-container-core-columns-is-layout-28f84493 wp-block-columns-is-layout-flex\">\n<div class=\"wp-block-column is-layout-flow wp-block-column-is-layout-flow\">\n<figure class=\"wp-block-image size-large\"><img loading=\"lazy\" decoding=\"async\" width=\"1024\" height=\"680\" src=\"https:\/\/educzen17.com\/wp-content\/uploads\/2026\/02\/emer_iglesias-window-3236660_1920-1024x680.jpg\" alt=\"\" class=\"wp-image-130\" srcset=\"https:\/\/educzen17.com\/wp-content\/uploads\/2026\/02\/emer_iglesias-window-3236660_1920-1024x680.jpg 1024w, https:\/\/educzen17.com\/wp-content\/uploads\/2026\/02\/emer_iglesias-window-3236660_1920-300x199.jpg 300w, https:\/\/educzen17.com\/wp-content\/uploads\/2026\/02\/emer_iglesias-window-3236660_1920-768x510.jpg 768w, https:\/\/educzen17.com\/wp-content\/uploads\/2026\/02\/emer_iglesias-window-3236660_1920-1536x1020.jpg 1536w, https:\/\/educzen17.com\/wp-content\/uploads\/2026\/02\/emer_iglesias-window-3236660_1920.jpg 1920w\" sizes=\"auto, (max-width: 1024px) 100vw, 1024px\" \/><\/figure>\n<\/div>\n\n\n\n<div class=\"wp-block-column is-layout-flow wp-block-column-is-layout-flow\">\n<figure class=\"wp-block-image size-large\"><img loading=\"lazy\" decoding=\"async\" width=\"1024\" height=\"768\" src=\"https:\/\/educzen17.com\/wp-content\/uploads\/2026\/02\/mylene2401-dogs-7454682_1920-1024x768.jpg\" alt=\"\" class=\"wp-image-128\" srcset=\"https:\/\/educzen17.com\/wp-content\/uploads\/2026\/02\/mylene2401-dogs-7454682_1920-1024x768.jpg 1024w, https:\/\/educzen17.com\/wp-content\/uploads\/2026\/02\/mylene2401-dogs-7454682_1920-300x225.jpg 300w, https:\/\/educzen17.com\/wp-content\/uploads\/2026\/02\/mylene2401-dogs-7454682_1920-768x576.jpg 768w, https:\/\/educzen17.com\/wp-content\/uploads\/2026\/02\/mylene2401-dogs-7454682_1920-1536x1152.jpg 1536w, https:\/\/educzen17.com\/wp-content\/uploads\/2026\/02\/mylene2401-dogs-7454682_1920.jpg 1920w\" sizes=\"auto, (max-width: 1024px) 100vw, 1024px\" \/><\/figure>\n<\/div>\n\n\n\n<div class=\"wp-block-column is-layout-flow wp-block-column-is-layout-flow\">\n<figure class=\"wp-block-image size-full\"><img loading=\"lazy\" decoding=\"async\" width=\"1920\" height=\"1280\" src=\"https:\/\/educzen17.com\/wp-content\/uploads\/2026\/02\/carolinebate-luxury-real-estate-9779547_1920.jpg\" alt=\"\" class=\"wp-image-129\" srcset=\"https:\/\/educzen17.com\/wp-content\/uploads\/2026\/02\/carolinebate-luxury-real-estate-9779547_1920.jpg 1920w, https:\/\/educzen17.com\/wp-content\/uploads\/2026\/02\/carolinebate-luxury-real-estate-9779547_1920-300x200.jpg 300w, https:\/\/educzen17.com\/wp-content\/uploads\/2026\/02\/carolinebate-luxury-real-estate-9779547_1920-1024x683.jpg 1024w, https:\/\/educzen17.com\/wp-content\/uploads\/2026\/02\/carolinebate-luxury-real-estate-9779547_1920-768x512.jpg 768w, https:\/\/educzen17.com\/wp-content\/uploads\/2026\/02\/carolinebate-luxury-real-estate-9779547_1920-1536x1024.jpg 1536w\" sizes=\"auto, (max-width: 1920px) 100vw, 1920px\" \/><\/figure>\n<\/div>\n<\/div>\n\n\n\n<p class=\"has-medium-font-size\"><\/p>\n\n\n\n<p class=\"has-medium-font-size\"><strong><em>Tarif :<\/em> <\/strong><em><strong>Bilan comportemental personnalis\u00e9 : 65 \u20ac<\/strong><\/em><\/p>\n\n\n\n<p class=\"has-medium-font-size\"><em><strong>Offre : 20 \u20ac d\u00e9duits en cas d\u2019engagement sur un module 10 ou 15 s\u00e9ances.<\/strong><\/em><\/p>\n\n\n\n<p class=\"has-medium-font-size\"><em><strong>Le bilan n\u2019engage \u00e0 rien.<\/strong><\/em><\/p>\n\n\n\n<p class=\"has-medium-font-size\"><strong><em>Et si nous faisions le premier pas ?<\/em><\/strong><\/p>\n\n\n\n<p>Vous vous posez des questions sur le comportement de votre chien ?<\/p>\n\n\n\n<p>Vous ressentez des tensions ou de l\u2019incompr\u00e9hension dans votre relation ?<\/p>\n\n\n\n<p>Le bilan comportemental est le point de d\u00e9part pour retrouver de la clart\u00e9, du calme et une direction coh\u00e9rente.<\/p>\n\n\n\n<p class=\"has-text-align-center has-ast-global-color-2-color has-text-color has-link-color has-medium-font-size wp-elements-f7d2ea0a426189863796a5cb3beec9a4\"><strong>\ud83d\udcde Contactez moi pour \u00e9changer sur votre situation ou<\/strong><\/p>\n\n\n\n<p class=\"has-text-align-center has-ast-global-color-2-color has-text-color has-link-color has-medium-font-size wp-elements-085b40c1bd00a0c8083b112ab01a457c\"><strong>R\u00e9servez directement votre bilan comportemental par t\u00e9l\u00e9phone ou par sms au : 06 08 05 80 38<\/strong><\/p>\n\n\n\n<p class=\"has-text-align-center has-ast-global-color-2-color has-text-color has-link-color has-medium-font-size wp-elements-2bb831779a3cbd9d12ab4e626dc7632c\"><strong>Ou cliquez ici : <\/strong><\/p>\n\n\n\n<div style=\"text-align:center; margin: 18px 0;\">\n  <a href=\"tel:+33608058038\"\n     style=\"display:inline-block;\n            background:#6FAE8E; \n            color:#ffffff;\n            padding:14px 22px;\n            border-radius:12px;\n            text-decoration:none;\n            font-weight:700;\n            font-size:16px;\n            box-shadow:0 4px 10px rgba(0,0,0,0.12);\">\n    \ud83d\udcde R\u00e9servez votre bilan comportemental\n  <\/a>\n<\/div>\n","protected":false},"excerpt":{"rendered":"<p>Le bilan comportemental est la premi\u00e8re \u00e9tape fondamentale de tout accompagnement. Il permet de comprendre votre chien dans sa globalit\u00e9, d\u2019analyser la situation avec pr\u00e9cision et de poser des bases claires pour une \u00e9volution durable. Chaque chien est unique. Chaque relation l\u2019est aussi. C\u2019est pourquoi ce temps d\u2019\u00e9change et d\u2019observation est enti\u00e8rement personnalis\u00e9. Je vous [&hellip;]<\/p>\n","protected":false},"author":1,"featured_media":0,"parent":0,"menu_order":0,"comment_status":"closed","ping_status":"closed","template":"","meta":{"_uag_custom_page_level_css":"","site-sidebar-layout":"default","site-content-layout":"","ast-site-content-layout":"default","site-content-style":"default","site-sidebar-style":"default","ast-global-header-display":"","ast-banner-title-visibility":"","ast-main-header-display":"","ast-hfb-above-header-display":"","ast-hfb-below-header-display":"","ast-hfb-mobile-header-display":"","site-post-title":"","ast-breadcrumbs-content":"","ast-featured-img":"","footer-sml-layout":"","ast-disable-related-posts":"","theme-transparent-header-meta":"","adv-header-id-meta":"","stick-header-meta":"","header-above-stick-meta":"","header-main-stick-meta":"","header-below-stick-meta":"","astra-migrate-meta-layouts":"default","ast-page-background-enabled":"default","ast-page-background-meta":{"desktop":{"background-color":"var(--ast-global-color-5)","background-image":"","background-repeat":"repeat","background-position":"center center","background-size":"auto","background-attachment":"scroll","background-type":"","background-media":"","overlay-type":"","overlay-color":"","overlay-opacity":"","overlay-gradient":""},"tablet":{"background-color":"","background-image":"","background-repeat":"repeat","background-position":"center center","background-size":"auto","background-attachment":"scroll","background-type":"","background-media":"","overlay-type":"","overlay-color":"","overlay-opacity":"","overlay-gradient":""},"mobile":{"background-color":"","background-image":"","background-repeat":"repeat","background-position":"center center","background-size":"auto","background-attachment":"scroll","background-type":"","background-media":"","overlay-type":"","overlay-color":"","overlay-opacity":"","overlay-gradient":""}},"ast-content-background-meta":{"desktop":{"background-color":"var(--ast-global-color-4)","background-image":"","background-repeat":"repeat","background-position":"center center","background-size":"auto","background-attachment":"scroll","background-type":"","background-media":"","overlay-type":"","overlay-color":"","overlay-opacity":"","overlay-gradient":""},"tablet":{"background-color":"var(--ast-global-color-4)","background-image":"","background-repeat":"repeat","background-position":"center center","background-size":"auto","background-attachment":"scroll","background-type":"","background-media":"","overlay-type":"","overlay-color":"","overlay-opacity":"","overlay-gradient":""},"mobile":{"background-color":"var(--ast-global-color-4)","background-image":"","background-repeat":"repeat","background-position":"center center","background-size":"auto","background-attachment":"scroll","background-type":"","background-media":"","overlay-type":"","overlay-color":"","overlay-opacity":"","overlay-gradient":""}},"footnotes":""},"class_list":["post-37","page","type-page","status-publish","hentry"],"uagb_featured_image_src":{"full":false,"thumbnail":false,"medium":false,"medium_large":false,"large":false,"1536x1536":false,"2048x2048":false},"uagb_author_info":{"display_name":"admin2427","author_link":"https:\/\/educzen17.com\/?author=1"},"uagb_comment_info":0,"uagb_excerpt":"Le bilan comportemental est la premi\u00e8re \u00e9tape fondamentale de tout accompagnement. Il permet de comprendre votre chien dans sa globalit\u00e9, d\u2019analyser la situation avec pr\u00e9cision et de poser des bases claires pour une \u00e9volution durable. Chaque chien est unique. Chaque relation l\u2019est aussi. C\u2019est pourquoi ce temps d\u2019\u00e9change et d\u2019observation est enti\u00e8rement personnalis\u00e9. Je vous\u2026","_links":{"self":[{"href":"https:\/\/educzen17.com\/index.php?rest_route=\/wp\/v2\/pages\/37","targetHints":{"allow":["GET"]}}],"collection":[{"href":"https:\/\/educzen17.com\/index.php?rest_route=\/wp\/v2\/pages"}],"about":[{"href":"https:\/\/educzen17.com\/index.php?rest_route=\/wp\/v2\/types\/page"}],"author":[{"embeddable":true,"href":"https:\/\/educzen17.com\/index.php?rest_route=\/wp\/v2\/users\/1"}],"replies":[{"embeddable":true,"href":"https:\/\/educzen17.com\/index.php?rest_route=%2Fwp%2Fv2%2Fcomments&post=37"}],"version-history":[{"count":22,"href":"https:\/\/educzen17.com\/index.php?rest_route=\/wp\/v2\/pages\/37\/revisions"}],"predecessor-version":[{"id":292,"href":"https:\/\/educzen17.com\/index.php?rest_route=\/wp\/v2\/pages\/37\/revisions\/292"}],"wp:attachment":[{"href":"https:\/\/educzen17.com\/index.php?rest_route=%2Fwp%2Fv2%2Fmedia&parent=37"}],"curies":[{"name":"wp","href":"https:\/\/api.w.org\/{rel}","templated":true}]}}