{"id":109,"date":"2026-02-23T16:45:55","date_gmt":"2026-02-23T16:45:55","guid":{"rendered":"https:\/\/educzen17.com\/?page_id=109"},"modified":"2026-03-22T15:13:24","modified_gmt":"2026-03-22T15:13:24","slug":"recherche-olfactive-en-foret-mantrailing","status":"publish","type":"page","link":"https:\/\/educzen17.com\/?page_id=109","title":{"rendered":"Recherche olfactive en For\u00eat : Mantrailing"},"content":{"rendered":"\n<div class=\"wp-block-cover alignfull has-aspect-ratio\" style=\"margin-top:var(--wp--preset--spacing--50);margin-bottom:var(--wp--preset--spacing--50);aspect-ratio:16\/9;min-height:unset;\"><img loading=\"lazy\" decoding=\"async\" width=\"1920\" height=\"1272\" class=\"wp-block-cover__image-background wp-image-145 size-full\" alt=\"\" src=\"https:\/\/educzen17.com\/wp-content\/uploads\/2026\/02\/tonic-pics-leisure-time-1551705_1920.jpg\" data-object-fit=\"cover\" srcset=\"https:\/\/educzen17.com\/wp-content\/uploads\/2026\/02\/tonic-pics-leisure-time-1551705_1920.jpg 1920w, https:\/\/educzen17.com\/wp-content\/uploads\/2026\/02\/tonic-pics-leisure-time-1551705_1920-300x199.jpg 300w, https:\/\/educzen17.com\/wp-content\/uploads\/2026\/02\/tonic-pics-leisure-time-1551705_1920-1024x678.jpg 1024w, https:\/\/educzen17.com\/wp-content\/uploads\/2026\/02\/tonic-pics-leisure-time-1551705_1920-768x509.jpg 768w, https:\/\/educzen17.com\/wp-content\/uploads\/2026\/02\/tonic-pics-leisure-time-1551705_1920-1536x1018.jpg 1536w\" sizes=\"auto, (max-width: 1920px) 100vw, 1920px\" \/><span aria-hidden=\"true\" class=\"wp-block-cover__background has-background-dim-20 has-background-dim\" style=\"background-color:#7a7776\"><\/span><div class=\"wp-block-cover__inner-container is-layout-constrained wp-container-core-cover-is-layout-db317931 wp-block-cover-is-layout-constrained\">\n<p class=\"has-text-align-center has-large-font-size\"><\/p>\n<\/div><\/div>\n\n\n\n<p class=\"has-text-align-center has-medium-font-size\"><strong><em>Le Mantrailing <\/em>est une activit\u00e9 bas\u00e9e sur l\u2019utilisation du flair naturel du chien pour retrouver une personne sp\u00e9cifique.<\/strong><\/p>\n\n\n\n<p>Cette discipline permet au chien d\u2019exprimer pleinement ses capacit\u00e9s olfactives tout en renfor\u00e7ant la coop\u00e9ration et la confiance au sein du bin\u00f4me.<\/p>\n\n\n\n<p>C\u2019est une activit\u00e9 stimulante, structur\u00e9e et particuli\u00e8rement enrichissante, adapt\u00e9e \u00e0 de nombreux profils de chiens.<\/p>\n\n\n\n<p class=\"has-medium-font-size\"><strong><em>Pourquoi pratiquer le Mantrailing ?<\/em><\/strong><\/p>\n\n\n\n<p>Le mantrailing permet de :<\/p>\n\n\n\n<p>\u2022 stimuler intens\u00e9ment le flair naturel du chien<\/p>\n\n\n\n<p>\u2022 d\u00e9velopper le mental, la concentration et la pers\u00e9v\u00e9rance<\/p>\n\n\n\n<p>\u2022 renforcer la confiance en soi<\/p>\n\n\n\n<p>\u2022 canaliser l\u2019\u00e9nergie de mani\u00e8re constructive<\/p>\n\n\n\n<p>\u2022 valoriser les capacit\u00e9s naturelles du chien<\/p>\n\n\n\n<p>\u2022 renforcer le lien humain \/ chien<\/p>\n\n\n\n<p>Chaque recherche est progressive et adapt\u00e9e au niveau du chien. (du d\u00e9butant au confirm\u00e9)<\/p>\n\n\n\n<p class=\"has-medium-font-size\"><em><strong>Comment se d\u00e9roule une s\u00e9ance ?<\/strong><\/em><\/p>\n\n\n\n<p>Une s\u00e9ance dure environ 1 heure.<\/p>\n\n\n\n<p>Le travail se fait en ext\u00e9rieur en for\u00eat, aux alentours de Plassay 17250 (Charente Maritime) dans un cadre s\u00e9curis\u00e9 et encadr\u00e9.<\/p>\n\n\n\n<p class=\"has-medium-font-size\"><strong>La pr\u00e9sence de deux personnes est n\u00e9cessaire : une personne pour guider le chien et une personne pour jouer le r\u00f4le de la personne cach\u00e9e<\/strong>.<\/p>\n\n\n\n<p>La progression est adapt\u00e9e au niveau du chien et \u00e0 son exp\u00e9rience.<\/p>\n\n\n\n<p class=\"has-medium-font-size\"><strong><em>Tarif 35 \u20ac la s\u00e9ance (environ 1 heure)<\/em><\/strong><\/p>\n\n\n\n<p class=\"has-medium-font-size\"><\/p>\n\n\n\n<figure class=\"wp-block-gallery has-nested-images columns-default is-cropped wp-block-gallery-1 is-layout-flex wp-block-gallery-is-layout-flex\">\n<figure class=\"wp-block-image size-large\"><img loading=\"lazy\" decoding=\"async\" width=\"612\" height=\"408\" data-id=\"216\" src=\"https:\/\/educzen17.com\/wp-content\/uploads\/2026\/03\/istockphoto-1293276261-612x612-1.jpg\" alt=\"\" class=\"wp-image-216\" srcset=\"https:\/\/educzen17.com\/wp-content\/uploads\/2026\/03\/istockphoto-1293276261-612x612-1.jpg 612w, https:\/\/educzen17.com\/wp-content\/uploads\/2026\/03\/istockphoto-1293276261-612x612-1-300x200.jpg 300w\" sizes=\"auto, (max-width: 612px) 100vw, 612px\" \/><\/figure>\n<\/figure>\n\n\n\n<figure class=\"wp-block-gallery has-nested-images columns-default is-cropped wp-block-gallery-2 is-layout-flex wp-block-gallery-is-layout-flex\"><\/figure>\n","protected":false},"excerpt":{"rendered":"<p>Le Mantrailing est une activit\u00e9 bas\u00e9e sur l\u2019utilisation du flair naturel du chien pour retrouver une personne sp\u00e9cifique. Cette discipline permet au chien d\u2019exprimer pleinement ses capacit\u00e9s olfactives tout en renfor\u00e7ant la coop\u00e9ration et la confiance au sein du bin\u00f4me. C\u2019est une activit\u00e9 stimulante, structur\u00e9e et particuli\u00e8rement enrichissante, adapt\u00e9e \u00e0 de nombreux profils de chiens. [&hellip;]<\/p>\n","protected":false},"author":1,"featured_media":0,"parent":0,"menu_order":0,"comment_status":"closed","ping_status":"closed","template":"","meta":{"_uag_custom_page_level_css":"","site-sidebar-layout":"default","site-content-layout":"","ast-site-content-layout":"default","site-content-style":"default","site-sidebar-style":"default","ast-global-header-display":"","ast-banner-title-visibility":"","ast-main-header-display":"","ast-hfb-above-header-display":"","ast-hfb-below-header-display":"","ast-hfb-mobile-header-display":"","site-post-title":"","ast-breadcrumbs-content":"","ast-featured-img":"","footer-sml-layout":"","ast-disable-related-posts":"","theme-transparent-header-meta":"","adv-header-id-meta":"","stick-header-meta":"","header-above-stick-meta":"","header-main-stick-meta":"","header-below-stick-meta":"","astra-migrate-meta-layouts":"default","ast-page-background-enabled":"default","ast-page-background-meta":{"desktop":{"background-color":"var(--ast-global-color-5)","background-image":"","background-repeat":"repeat","background-position":"center center","background-size":"auto","background-attachment":"scroll","background-type":"","background-media":"","overlay-type":"","overlay-color":"","overlay-opacity":"","overlay-gradient":""},"tablet":{"background-color":"","background-image":"","background-repeat":"repeat","background-position":"center center","background-size":"auto","background-attachment":"scroll","background-type":"","background-media":"","overlay-type":"","overlay-color":"","overlay-opacity":"","overlay-gradient":""},"mobile":{"background-color":"","background-image":"","background-repeat":"repeat","background-position":"center center","background-size":"auto","background-attachment":"scroll","background-type":"","background-media":"","overlay-type":"","overlay-color":"","overlay-opacity":"","overlay-gradient":""}},"ast-content-background-meta":{"desktop":{"background-color":"var(--ast-global-color-4)","background-image":"","background-repeat":"repeat","background-position":"center center","background-size":"auto","background-attachment":"scroll","background-type":"","background-media":"","overlay-type":"","overlay-color":"","overlay-opacity":"","overlay-gradient":""},"tablet":{"background-color":"var(--ast-global-color-4)","background-image":"","background-repeat":"repeat","background-position":"center center","background-size":"auto","background-attachment":"scroll","background-type":"","background-media":"","overlay-type":"","overlay-color":"","overlay-opacity":"","overlay-gradient":""},"mobile":{"background-color":"var(--ast-global-color-4)","background-image":"","background-repeat":"repeat","background-position":"center center","background-size":"auto","background-attachment":"scroll","background-type":"","background-media":"","overlay-type":"","overlay-color":"","overlay-opacity":"","overlay-gradient":""}},"footnotes":""},"class_list":["post-109","page","type-page","status-publish","hentry"],"uagb_featured_image_src":{"full":false,"thumbnail":false,"medium":false,"medium_large":false,"large":false,"1536x1536":false,"2048x2048":false},"uagb_author_info":{"display_name":"admin2427","author_link":"https:\/\/educzen17.com\/?author=1"},"uagb_comment_info":0,"uagb_excerpt":"Le Mantrailing est une activit\u00e9 bas\u00e9e sur l\u2019utilisation du flair naturel du chien pour retrouver une personne sp\u00e9cifique. Cette discipline permet au chien d\u2019exprimer pleinement ses capacit\u00e9s olfactives tout en renfor\u00e7ant la coop\u00e9ration et la confiance au sein du bin\u00f4me. C\u2019est une activit\u00e9 stimulante, structur\u00e9e et particuli\u00e8rement enrichissante, adapt\u00e9e \u00e0 de nombreux profils de chiens.\u2026","_links":{"self":[{"href":"https:\/\/educzen17.com\/index.php?rest_route=\/wp\/v2\/pages\/109","targetHints":{"allow":["GET"]}}],"collection":[{"href":"https:\/\/educzen17.com\/index.php?rest_route=\/wp\/v2\/pages"}],"about":[{"href":"https:\/\/educzen17.com\/index.php?rest_route=\/wp\/v2\/types\/page"}],"author":[{"embeddable":true,"href":"https:\/\/educzen17.com\/index.php?rest_route=\/wp\/v2\/users\/1"}],"replies":[{"embeddable":true,"href":"https:\/\/educzen17.com\/index.php?rest_route=%2Fwp%2Fv2%2Fcomments&post=109"}],"version-history":[{"count":7,"href":"https:\/\/educzen17.com\/index.php?rest_route=\/wp\/v2\/pages\/109\/revisions"}],"predecessor-version":[{"id":290,"href":"https:\/\/educzen17.com\/index.php?rest_route=\/wp\/v2\/pages\/109\/revisions\/290"}],"wp:attachment":[{"href":"https:\/\/educzen17.com\/index.php?rest_route=%2Fwp%2Fv2%2Fmedia&parent=109"}],"curies":[{"name":"wp","href":"https:\/\/api.w.org\/{rel}","templated":true}]}}